{"id":1282,"date":"2012-10-23T09:26:34","date_gmt":"2012-10-23T11:26:34","guid":{"rendered":"https:\/\/192.168.9.29\/Development\/TB\/?page_id=1282"},"modified":"2022-04-12T19:28:57","modified_gmt":"2022-04-12T22:28:57","slug":"programa-de-afiliados","status":"publish","type":"page","link":"https:\/\/lmdesigns.com.br\/site\/produtos\/sistemas-web-prontos\/programa-de-afiliados\/","title":{"rendered":"Programa de Afiliados"},"content":{"rendered":"<p>A LM Designs possui uma solu\u00e7\u00e3o completa de programa de afiliados, o <strong>LAM - LMD Affiliate Manager<\/strong> para voc\u00ea implantar na sua empresa. Um software pronto, com uma interface moderna, amig\u00e1vel e intuitiva. S\u00e3o v\u00e1rias fun\u00e7\u00f5es e ferramentas para voc\u00ea disponibilizar \u00e0 seus futuros afiliados.<\/p>\n<div class=\"alert alert-danger fade in \"><button type=\"button\" class=\"close\" data-dismiss=\"alert\">&times;<\/button><strong>ATEN\u00c7\u00c3O:<\/strong> Chame-nos agora no WhatsApp - \u00e9 s\u00f3 clicar no bot\u00e3o abaixo, do seu lado direito.<\/div>\n<div class=\"alert alert-success fade in \"><button type=\"button\" class=\"close\" data-dismiss=\"alert\">&times;<\/button>Sua empresa vai atuar com <strong>Venda Direta e\/ou Marketing Multin\u00edvel<\/strong>? N\u00f3s temos sistemas espec\u00edficos, <a href=\"\/site\/produtos\/sistemas-web-prontos\/sistema-de-marketing-multinivel-mmn\/\">clique aqui<\/a> e veja mais.<\/div>\n<p>Fale conosco hoje mesmo!\u00a0Conhe\u00e7a abaixo algumas das v\u00e1rias fun\u00e7\u00f5es e ferramentas dispon\u00edveis e <a href=\"https:\/\/lmdesigns.com.br\/site\/contato\/\">entre em contato<\/a> conosco para que possamos ajud\u00e1-lo a implantar essa solu\u00e7\u00e3o nos seus neg\u00f3cios.<\/p>\n<div class=\"tabs-wrapper tabbable tabs-top\"><ul class=\"nav nav-tabs\"><li class=\"active tab-1\"><a href=\"#tab-1-514494985\" data-toggle=\"tab\">Ferramentas de Marketing<\/a><\/li><li class=\"tab-2\"><a href=\"#tab-2-514494985\" data-toggle=\"tab\">Requisitos e Fun\u00e7\u00f5es de Sistema<\/a><\/li><li class=\"tab-3\"><a href=\"#tab-3-514494985\" data-toggle=\"tab\">Caracter\u00edsticas<\/a><\/li><li class=\"tab-4\"><a href=\"#tab-4-514494985\" data-toggle=\"tab\">Ferramentas de e-Mail<\/a><\/li><li class=\"tab-5\"><a href=\"#tab-5-514494985\" data-toggle=\"tab\">Seguran\u00e7a<\/a><\/li><\/ul><div class=\"tab-content\"> <div id=\"tab-1-514494985\" class=\"tab-pane fade in active\"> \u2022 An\u00fancios de texto.<br \/>\n\u2022 An\u00fancios de artigo.<br \/>\n\u2022 An\u00fancios de e-mail.<br \/>\n\u2022 An\u00fancios HTML.<br \/>\n\u2022 Invisilinks.<br \/>\n\u2022 Banners.<br \/>\n\u2022 Lightboxes.<br \/>\n\u2022 Calend\u00e1rio de Eventos p\/ Afiliados.<br \/>\n\u2022 Links de texto<br \/>\n\u2022 V\u00eddeo (YouTube e Vimeo).<br \/>\n\u2022 PDF.<br \/>\n\u2022 E-mails para downlines.<br \/>\n\u2022 Arquivos para download. <\/div><!-- .tab (end) --> <div id=\"tab-2-514494985\" class=\"tab-pane fade \">\n\u2022 Unix, Linux, Apple - Web Hosting.<br \/>\n\u2022 PHP version 5.3 ou superior.<br \/>\n\u2022 MySQL Database version 5 ou superior.<br \/>\n\u2022 Curl + SSL compilado no PHP.<br \/>\n\u2022 Acesso a PHP mail ou servidor SMTP para email.<br \/>\n\u2022 Set-up CRON jobs ou agendamento de tarefas.<br \/>\n\u2022 PHP short tags.<br \/>\n\u2022 Ativar SSL em \u00e1rea p\u00fablica e de membros.<br \/>\n\u2022 Configura\u00e7\u00e3o de Timeout.<br \/>\n\u2022 Limite de quantidade de uso de mem\u00f3ria.<br \/>\n\u2022 Backup de dados.<br \/>\n\u2022 Integra\u00e7\u00e3o com outros sistemas de Pagamento (PayPal, PagSeguro, 2checkout, e outros), e-Mail (GetResponse, MailChimp, AWeber e ConstantContact) e Opensource (WordPress, Prestashop, Woocommerce, Magento, Oscommerce, Zencart, Shopify e outros). <\/div><!-- .tab (end) --> <div id=\"tab-3-514494985\" class=\"tab-pane fade \"> \u2022 Layout responsivo, otimizado para dispositivos m\u00f3veis.<br \/>\n\u2022 Temas customiz\u00e1veis.<br \/>\n\u2022 M\u00faltiplas Moedas.<br \/>\n\u2022 M\u00faltiplos idiomas.<br \/>\n\u2022 Ilimitados cadastro de membros.<br \/>\n\u2022 Cadastro de administradores do sistema.<br \/>\n\u2022 Criar e gerenciar ilimitados grupos de afiliados.<br \/>\n\u2022 Visualiza\u00e7\u00e3o gr\u00e1fica de rede.<br \/>\n\u2022 Defini\u00e7\u00e3o de comiss\u00e3o at\u00e9 10 n\u00edveis.<br \/>\n\u2022 Gerenciar comiss\u00f5es.<br \/>\n\u2022 Estat\u00edsticas e relat\u00f3rios completos.<br \/>\n\u2022 Fazer pagamento e hist\u00f3rico deles.<br \/>\n\u2022 Gerar faturas.<br \/>\n\u2022 Importar e exportar membros, pagamentos e comiss\u00f5es.<br \/>\n\u2022 Configura\u00e7\u00e3o de v\u00eddeo, imagens e downloads.<br \/>\n\u2022 Customizar tracking (rastreamento de IP, temporizador de monitoramento de afiliado, cookies, controle de sess\u00e3o).<br \/>\n\u2022 Configura\u00e7\u00e3o de alertas de e-mails.<br \/>\n\u2022 Entre muitas outras fun\u00e7\u00f5es. <\/div><!-- .tab (end) --> <div id=\"tab-4-514494985\" class=\"tab-pane fade \"> \u2022 Criar lista de discuss\u00e3o.<br \/>\n\u2022 Disparo para a base de afiliados.<br \/>\n\u2022 Editor HTML de e-mails.<br \/>\n\u2022 Visualiza\u00e7\u00e3o dos e-mails para ser ou j\u00e1 enviados.<br \/>\n\u2022 E-mails modelo.<br \/>\n\u2022 Lista de e-mail de terceiros (GetResponse, MailChimp, AWeber e ConstantContact)\u00a0<\/div><!-- .tab (end) --> <div id=\"tab-5-514494985\" class=\"tab-pane fade \"> \u2022 Monitorar endere\u00e7o IP (restringir IP p\/ ADM).<br \/>\n\u2022 Bloquear blocos de IP.<br \/>\n\u2022 Recaptcha.<br \/>\n\u2022 Bloquear dom\u00ednios de e-mails.<br \/>\n\u2022 Controle do envio de e-mails pelos afiliados.<br \/>\n\u2022 Confirma\u00e7\u00e3o de inscri\u00e7\u00e3o.<br \/>\n<\/div><!-- .tab (end) -->\u00a0<\/div><!-- .tab-content (end) --><\/div><!-- .tabs-wrapper (end) -->\n<div class=\"content_box  \">Clique nas imagens abaixo para ampli\u00e1-las<div class=\"clear\"><\/div><\/div><!-- .content_box (end) -->\n","protected":false},"excerpt":{"rendered":"<p>A LM Designs possui uma solu\u00e7\u00e3o completa de programa de afiliados, o LAM - LMD Affiliate Manager para voc\u00ea implantar na sua empresa. Um software pronto, com uma interface moderna, amig\u00e1vel e intuitiva. S\u00e3o v\u00e1rias fun\u00e7\u00f5es e ferramentas para voc\u00ea disponibilizar \u00e0 seus futuros afiliados. Fale conosco hoje mesmo!\u00a0Conhe\u00e7a abaixo algumas das v\u00e1rias fun\u00e7\u00f5es e ferramentas dispon\u00edveis e entre em&nbsp;<a href=\"https:\/\/lmdesigns.com.br\/site\/produtos\/sistemas-web-prontos\/programa-de-afiliados\/\" class=\"read-more\">Continue Reading<\/a><\/p>\n","protected":false},"author":1,"featured_media":0,"parent":1278,"menu_order":7,"comment_status":"closed","ping_status":"closed","template":"page-Portfolio3Cols-filterable.php","meta":{"footnotes":""},"class_list":["post-1282","page","type-page","status-publish","hentry"],"_links":{"self":[{"href":"https:\/\/lmdesigns.com.br\/site\/wp-json\/wp\/v2\/pages\/1282","targetHints":{"allow":["GET"]}}],"collection":[{"href":"https:\/\/lmdesigns.com.br\/site\/wp-json\/wp\/v2\/pages"}],"about":[{"href":"https:\/\/lmdesigns.com.br\/site\/wp-json\/wp\/v2\/types\/page"}],"author":[{"embeddable":true,"href":"https:\/\/lmdesigns.com.br\/site\/wp-json\/wp\/v2\/users\/1"}],"replies":[{"embeddable":true,"href":"https:\/\/lmdesigns.com.br\/site\/wp-json\/wp\/v2\/comments?post=1282"}],"version-history":[{"count":0,"href":"https:\/\/lmdesigns.com.br\/site\/wp-json\/wp\/v2\/pages\/1282\/revisions"}],"up":[{"embeddable":true,"href":"https:\/\/lmdesigns.com.br\/site\/wp-json\/wp\/v2\/pages\/1278"}],"wp:attachment":[{"href":"https:\/\/lmdesigns.com.br\/site\/wp-json\/wp\/v2\/media?parent=1282"}],"curies":[{"name":"wp","href":"https:\/\/api.w.org\/{rel}","templated":true}]}}