{"id":1797,"date":"2011-07-14T19:45:29","date_gmt":"2011-07-14T19:45:29","guid":{"rendered":"https:\/\/192.168.9.29\/Development\/TB\/?page_id=5"},"modified":"2021-07-14T21:26:43","modified_gmt":"2021-07-15T00:26:43","slug":"quem-somos","status":"publish","type":"page","link":"https:\/\/lmdesigns.com.br\/site\/quem-somos\/","title":{"rendered":"Quem Somos"},"content":{"rendered":"<div class=\"row \">\n<div class=\"span4 \"><h2>O que fazemos<\/h2>\n<div class=\"list styled arrow-list\">\n<ul>\n<li><em>1. <a href=\"https:\/\/lmdesigns.com.br\/site\/servicos\/sites-e-blogs\/\">Sites, Blogs<\/a>, <a href=\"https:\/\/lmdesigns.com.br\/site\/servicos\/lojas-virtuais\/\">Lojas Virtuais<\/a>, <a href=\"https:\/\/lmdesigns.com.br\/site\/produtos\/sistemas-web-prontos\/\">Sistemas Prontos<\/a><\/em>.<\/li>\n<li><em>2. <a href=\"https:\/\/lmdesigns.com.br\/site\/servicos\/marketing-digital\/\">Marketing Digital<\/a>, campanhas e ferramentas<\/em>.<\/li>\n<li><em>3. <a href=\"https:\/\/lmdesigns.com.br\/site\/servicos\/consultoria-em-marketing-multinivel\/\">Marketing Multin\u00edvel-MMN<\/a>, consultoria completa<\/em>.<\/li>\n<\/ul>\n<\/div>\n<div class=\"spacer\"><\/div><!-- .spacer (end) -->\n<h2><!--Testimonials--><\/h2>\n<div class=\"testimonials \"><\/div><\/div>\n<div class=\"span7 \"><h2>A LM Designs - Conhe\u00e7a a nossa hist\u00f3ria<\/h2>\n<div id=\"attachment_4427\" style=\"width: 1456px\" class=\"wp-caption alignleft\"><a href=\"https:\/\/lmdesigns.com.br\/site\/wp-content\/uploads\/2011\/07\/timeline-lmd-2016.png\" target=\"_blank\" rel=\"noopener\"><img loading=\"lazy\" decoding=\"async\" aria-describedby=\"caption-attachment-4427\" class=\"wp-image-4427 size-full\" src=\"https:\/\/lmdesigns.com.br\/site\/wp-content\/uploads\/2011\/07\/timeline-lmd-2016.png\" alt=\"20 anos de hist\u00f3ria da LM Designs\" width=\"1446\" height=\"817\" srcset=\"https:\/\/lmdesigns.com.br\/site\/wp-content\/uploads\/2011\/07\/timeline-lmd-2016.png 1446w, https:\/\/lmdesigns.com.br\/site\/wp-content\/uploads\/2011\/07\/timeline-lmd-2016-300x170.png 300w, https:\/\/lmdesigns.com.br\/site\/wp-content\/uploads\/2011\/07\/timeline-lmd-2016-768x434.png 768w, https:\/\/lmdesigns.com.br\/site\/wp-content\/uploads\/2011\/07\/timeline-lmd-2016-1024x579.png 1024w\" sizes=\"auto, (max-width: 1446px) 100vw, 1446px\" \/><\/a><p id=\"caption-attachment-4427\" class=\"wp-caption-text\">Timeline da LM Designs<\/p><\/div>\n<p><span style=\"font-size: small;\">A LM Designs nasceu no ano de 2000, embora hoje acumule uma experi\u00eancia de 20 anos atuante no mercado, desde 1996. Inicialmente, especializou-se na \u00e1rea de vendas em m\u00eddia digital e eletr\u00f4nica e, consequentemente, em projetos web, marketing e propaganda, onde desenvolvemos diversos trabalhos na Internet, desde a cria\u00e7\u00e3o do projeto, desenvolvimento e implanta\u00e7\u00e3o, at\u00e9 o suporte e manuten\u00e7\u00e3o. Isto proporcionou um vasto conhecimento agregado em oferecer solu\u00e7\u00f5es melhores, otimizadas e rent\u00e1veis para os clientes, ajudando-os a focarem em seus <em>core businesses<\/em>.<\/span><\/p>\n<p><span style=\"font-size: small;\">Atrav\u00e9s tamb\u00e9m da cria\u00e7\u00e3o de projetos pr\u00f3prios e parcerias com os <em>players<\/em> do mercado como Submarino, Saraiva, Dell, HP, entre outros, fomos adquirindo uma ampla vis\u00e3o, <em>know-how<\/em>, <em>expertise<\/em> e flexibilidade no aprendizado, no relacionamento com profissionais e empresas, viabilizando assim diversos tipos de neg\u00f3cios.<\/span><\/p>\n<div class=\"spacer\"><\/div><!-- .spacer (end) -->\n<h2>Servi\u00e7os e Solu\u00e7\u00f5es de acordo com a sua necessidade<\/h2>\n<h6><strong><br \/>\n<a href=\"https:\/\/lmdesigns.com.br\/site\/wp-content\/uploads\/2011\/07\/94.jpg\"><img loading=\"lazy\" decoding=\"async\" class=\"alignleft wp-image-2964 size-medium\" src=\"https:\/\/lmdesigns.com.br\/site\/wp-content\/uploads\/2011\/07\/94-300x208.jpg\" alt=\"\" width=\"300\" height=\"208\" srcset=\"https:\/\/lmdesigns.com.br\/site\/wp-content\/uploads\/2011\/07\/94-300x208.jpg 300w, https:\/\/lmdesigns.com.br\/site\/wp-content\/uploads\/2011\/07\/94.jpg 1017w\" sizes=\"auto, (max-width: 300px) 100vw, 300px\" \/><\/a>Know-how, Expertise e Profissionais competentes.<\/strong><\/h6>\n<p><span style=\"font-size: small;\">Portanto, aliando todo esse \"universo\" de conhecimento, tanto externo como interno, resolvemos implementar um <em>pull<\/em> de solu\u00e7\u00f5es, isto \u00e9, oferecer ao nosso cliente uma consultoria completa. Desde um simples registro de dom\u00ednio e servi\u00e7os Internet, como hospedagem de sites, at\u00e9 cria\u00e7\u00e3o completa de projetos web (sites institucionais, portais, blogs, lojas virtuais e sistemas CMS* on-line), a\u00e7\u00f5es de marketing digital como, redes sociais e campanhas online e, tamb\u00e9m, elabora\u00e7\u00e3o de planos de marketing e campanhas promocionais, design web, gr\u00e1fico e multim\u00eddia.<\/span><\/p>\n<p>*Sistema de Gerenciamento de Conte\u00fado (Content Management System \u2013 CMS)<\/p>\n<p>Por fim, nossa empresa ent\u00e3o, al\u00e9m de possuir <em>Know-how<\/em>, <em>expertise<\/em> e profissionais competentes, sempre busca a solu\u00e7\u00e3o adequada em desenvolvimento, tecnologia, qualidade e apresentando sempre a melhor rela\u00e7\u00e3o custo x benef\u00edcio.<\/p>\n<p><span style=\"font-size: small;\">Seja Bem-vindo!<\/span><br \/><\/div>\n<\/div><!-- .row (end) -->\n","protected":false},"excerpt":{"rendered":"","protected":false},"author":1,"featured_media":0,"parent":0,"menu_order":1,"comment_status":"closed","ping_status":"closed","template":"page-fullwidth.php","meta":{"footnotes":""},"class_list":["post-1797","page","type-page","status-publish","hentry"],"_links":{"self":[{"href":"https:\/\/lmdesigns.com.br\/site\/wp-json\/wp\/v2\/pages\/1797","targetHints":{"allow":["GET"]}}],"collection":[{"href":"https:\/\/lmdesigns.com.br\/site\/wp-json\/wp\/v2\/pages"}],"about":[{"href":"https:\/\/lmdesigns.com.br\/site\/wp-json\/wp\/v2\/types\/page"}],"author":[{"embeddable":true,"href":"https:\/\/lmdesigns.com.br\/site\/wp-json\/wp\/v2\/users\/1"}],"replies":[{"embeddable":true,"href":"https:\/\/lmdesigns.com.br\/site\/wp-json\/wp\/v2\/comments?post=1797"}],"version-history":[{"count":0,"href":"https:\/\/lmdesigns.com.br\/site\/wp-json\/wp\/v2\/pages\/1797\/revisions"}],"wp:attachment":[{"href":"https:\/\/lmdesigns.com.br\/site\/wp-json\/wp\/v2\/media?parent=1797"}],"curies":[{"name":"wp","href":"https:\/\/api.w.org\/{rel}","templated":true}]}}