{"id":1979,"date":"2011-07-14T19:45:42","date_gmt":"2011-07-14T22:45:42","guid":{"rendered":"https:\/\/192.168.9.29\/Development\/TB\/?page_id=7"},"modified":"2025-05-07T19:24:35","modified_gmt":"2025-05-07T22:24:35","slug":"servicos","status":"publish","type":"page","link":"https:\/\/lmdesigns.com.br\/site\/servicos\/","title":{"rendered":"Servi\u00e7os"},"content":{"rendered":"<div class=\"row \">\n<div class=\"span3 \"><h2>Nossos Servi\u00e7os<\/h2>\n<div class=\"list styled arrow-list\">\n<ul>\n<li><a title=\"Marketing Digital\" href=\"https:\/\/lmdesigns.com.br\/site\/servicos\/marketing-digital\/\">Marketing digital<\/a><\/li>\n<li><a title=\"Design Gr\u00e1fico e Web\" href=\"https:\/\/lmdesigns.com.br\/site\/portfolio-view\/sistema-de-email-marketing\/\">e-Mail Marketing<\/a><\/li>\n<li><a title=\"Consultoria em Marketing Multin\u00edvel\" href=\"https:\/\/lmdesigns.com.br\/site\/servicos\/consultoria-em-marketing-multinivel\/\">Consultoria em marketing multin\u00edvel<\/a><\/li>\n<li><a title=\"Sites e Blogs\" href=\"https:\/\/lmdesigns.com.br\/site\/servicos\/sites-e-blogs\/\">Sites e blogs<\/a><\/li>\n<li><a title=\"Lojas Virtuais\" href=\"https:\/\/lmdesigns.com.br\/site\/servicos\/lojas-virtuais\/\">Lojas virtuais<\/a><\/li>\n<li>Hospedagem de sites<\/li>\n<li><a title=\"Design Gr\u00e1fico e Web\" href=\"https:\/\/lmdesigns.com.br\/site\/servicos\/design-grafico-e-web\/\">Design gr\u00e1fico e web<\/a><\/li>\n<\/ul>\n<\/div><\/div>\n<div class=\"span8 \"><h2>Planejamento de Marketing Digital<\/h2>\n<div id=\"attachment_3277\" style=\"width: 310px\" class=\"wp-caption alignleft\"><a href=\"https:\/\/lmdesigns.com.br\/site\/wp-content\/uploads\/2012\/05\/fig-planejamento-de-marketing-lmd.png\"><img loading=\"lazy\" decoding=\"async\" aria-describedby=\"caption-attachment-3277\" class=\"wp-image-3277 size-medium\" title=\"Planejamento de Marketing Digital by LM Designs\" src=\"https:\/\/lmdesigns.com.br\/site\/wp-content\/uploads\/2012\/05\/fig-planejamento-de-marketing-lmd-300x278.png\" alt=\"fig-planejamento-de-marketing-lmd\" width=\"300\" height=\"278\" srcset=\"https:\/\/lmdesigns.com.br\/site\/wp-content\/uploads\/2012\/05\/fig-planejamento-de-marketing-lmd-300x278.png 300w, https:\/\/lmdesigns.com.br\/site\/wp-content\/uploads\/2012\/05\/fig-planejamento-de-marketing-lmd.png 900w\" sizes=\"auto, (max-width: 300px) 100vw, 300px\" \/><\/a><p id=\"caption-attachment-3277\" class=\"wp-caption-text\">Planejamento de Marketing Digital by LM Designs<\/p><\/div>\n<h6><strong><span style=\"font-size: medium;\">Vamos ajudar sua empresa a fazer um diagn\u00f3stico atual, definir suas estrat\u00e9gias com base nos seus objetivos e os projetos que far\u00e3o parte desse processo.<\/span><\/strong><\/h6>\n<p><span style=\"font-size: small;\">Antes de mais nada, o primeiro passo \u00e9 fazer uma an\u00e1lise situacional da sua empresa em rela\u00e7\u00e3o ao marketing digital, ou seja, com base no funil de vendas (desde o visitante at\u00e9 seu cliente), quais s\u00e3os suas m\u00e9tricas. Logo ap\u00f3s, iremos ajud\u00e1-lo a definir seus objetivos e os projetos que ser\u00e3o desenvolvidos como, melhorar seu site, criar um blog, programar a\u00e7\u00f5es de email marketing, etc. Logo ap\u00f3s, iremos quantificar as metas de cada etapa do funil. Basicamente esses ser\u00e3o os passos para o seu sucesso online e, para isso, queremos estar com voc\u00ea!<\/span><\/p>\n<a href=\"https:\/\/lmdesigns.com.br\/site\/servicos\/marketing-digital\/\" title=\"leia mais\" class=\"btn btn-link btn-normal btn-inline \" target=\"_self\">leia mais<\/a><!-- .btn -->\n<div class=\"clear\"><\/div><!-- .clear (end) -->\n<div class=\"spacer\"><\/div><!-- .spacer (end) -->\n<h2>Planejamento de Campanhas Online<\/h2>\n<div id=\"attachment_2825\" style=\"width: 310px\" class=\"wp-caption alignleft\"><img loading=\"lazy\" decoding=\"async\" aria-describedby=\"caption-attachment-2825\" class=\"wp-image-2825 size-medium\" title=\"Planejamento de Campanhas Online\" src=\"https:\/\/lmdesigns.com.br\/site\/wp-content\/uploads\/2014\/09\/fig-4-passos-planejamento-de-campanhas-online-300x300.png\" alt=\"fig-4-passos-planejamento-de-campanhas-online\" width=\"300\" height=\"300\" srcset=\"https:\/\/lmdesigns.com.br\/site\/wp-content\/uploads\/2014\/09\/fig-4-passos-planejamento-de-campanhas-online-300x300.png 300w, https:\/\/lmdesigns.com.br\/site\/wp-content\/uploads\/2014\/09\/fig-4-passos-planejamento-de-campanhas-online-150x150.png 150w, https:\/\/lmdesigns.com.br\/site\/wp-content\/uploads\/2014\/09\/fig-4-passos-planejamento-de-campanhas-online.png 830w\" sizes=\"auto, (max-width: 300px) 100vw, 300px\" \/><p id=\"caption-attachment-2825\" class=\"wp-caption-text\">Planejamento de Campanhas Online<\/p><\/div>\n<h6><strong><span style=\"font-size: medium;\">A LM Designs cria, gerencia e administra toda a sua campanha online, desde os primeiros passos, como o briefing da sua empresa, ajudando-o a melhor definir as metas e seu objetivo<\/span><\/strong><\/h6>\n<p><span style=\"font-size: small;\">Para que tudo funcione o 1\u00ba passo \u00e9 \u201cdescobrir quem realmente \u00e9 o seu p\u00fablico-alvo, o que ele faz, gosta, sua idade, etc. Quanto mais voc\u00ea souber sobre ele saber\u00e1 melhor identificar qual \u00e9 o seu real problema e mostrar que pode ajud\u00e1-lo a resolver.<\/span><\/p>\n<p><span style=\"font-size: small;\">Uma das formas de gerar visitas para sua Landing Page \/ seu site \/ sua p\u00e1gina de vendas \u00e9 atrav\u00e9s de m\u00eddia online \u2013 o tr\u00e1fego pago \u2013 em an\u00fancios como Facebook Ads e os Links Patrocinados, do Google AdWords, sendo estes os mais utilizados.<\/span><\/p>\n<a href=\"https:\/\/lmdesigns.com.br\/site\/servicos\/marketing-digital\/criacao-e-gerenciamento-de-campanhas-online\/\" title=\"leia mais\" class=\"btn btn-link btn-normal btn-inline \" target=\"_self\">leia mais<\/a><!-- .btn -->\n<div class=\"clear\"><\/div><!-- .clear (end) -->\n<div class=\"spacer\"><\/div><!-- .spacer (end) -->\n<h2>Consultoria em Marketing Multin\u00edvel-MMN<\/h2>\n<div id=\"attachment_2855\" style=\"width: 310px\" class=\"wp-caption alignleft\"><img loading=\"lazy\" decoding=\"async\" aria-describedby=\"caption-attachment-2855\" class=\"wp-image-2855 size-medium\" title=\"Consultoria em MMN - Conhe\u00e7a o trip\u00e9 do MMN\" src=\"https:\/\/lmdesigns.com.br\/site\/wp-content\/uploads\/2011\/07\/fig-mmn-300x300.png\" alt=\"\" width=\"300\" height=\"300\" srcset=\"https:\/\/lmdesigns.com.br\/site\/wp-content\/uploads\/2011\/07\/fig-mmn.png 300w, https:\/\/lmdesigns.com.br\/site\/wp-content\/uploads\/2011\/07\/fig-mmn-150x150.png 150w\" sizes=\"auto, (max-width: 300px) 100vw, 300px\" \/><p id=\"caption-attachment-2855\" class=\"wp-caption-text\">Consultoria em MMN<\/p><\/div>\n<h6><strong><span style=\"font-size: medium;\">A LM Designs, atrav\u00e9s do seu diretor realiza consultoria completa ou parcial em MMN<\/span><\/strong><\/h6>\n<p><span style=\"font-size: small;\">Sua empresa ou voc\u00ea, profissional independente, est\u00e1 precisando de uma consultoria completa em Marketing Multin\u00edvel? <\/span><\/p>\n<p><span style=\"font-size: small;\">Escolha seu pacote de horas mensais, agende seus hor\u00e1rios e daremos in\u00edcio nesse trabalho de parceria.<\/span><\/p>\n<p><span style=\"font-size: small;\">Confira como pode ser feito todo esse trabalho.<\/span><\/p>\n<a href=\"consultoria-em-marketing-multinivel\/\" title=\"leia mais\" class=\"btn btn-link btn-normal btn-inline \" target=\"_self\">leia mais<\/a><!-- .btn --><\/div>\n<\/div><!-- .row (end) -->\n","protected":false},"excerpt":{"rendered":"","protected":false},"author":1,"featured_media":0,"parent":0,"menu_order":1,"comment_status":"closed","ping_status":"closed","template":"page-fullwidth.php","meta":{"footnotes":""},"class_list":["post-1979","page","type-page","status-publish","hentry"],"_links":{"self":[{"href":"https:\/\/lmdesigns.com.br\/site\/wp-json\/wp\/v2\/pages\/1979","targetHints":{"allow":["GET"]}}],"collection":[{"href":"https:\/\/lmdesigns.com.br\/site\/wp-json\/wp\/v2\/pages"}],"about":[{"href":"https:\/\/lmdesigns.com.br\/site\/wp-json\/wp\/v2\/types\/page"}],"author":[{"embeddable":true,"href":"https:\/\/lmdesigns.com.br\/site\/wp-json\/wp\/v2\/users\/1"}],"replies":[{"embeddable":true,"href":"https:\/\/lmdesigns.com.br\/site\/wp-json\/wp\/v2\/comments?post=1979"}],"version-history":[{"count":0,"href":"https:\/\/lmdesigns.com.br\/site\/wp-json\/wp\/v2\/pages\/1979\/revisions"}],"wp:attachment":[{"href":"https:\/\/lmdesigns.com.br\/site\/wp-json\/wp\/v2\/media?parent=1979"}],"curies":[{"name":"wp","href":"https:\/\/api.w.org\/{rel}","templated":true}]}}