{"id":1981,"date":"2011-07-14T19:46:42","date_gmt":"2011-07-14T22:46:42","guid":{"rendered":"https:\/\/192.168.9.29\/Development\/TB\/?page_id=12"},"modified":"2021-07-14T21:07:53","modified_gmt":"2021-07-15T00:07:53","slug":"design-grafico-e-web","status":"publish","type":"page","link":"https:\/\/lmdesigns.com.br\/site\/servicos\/design-grafico-e-web\/","title":{"rendered":"Design Gr\u00e1fico e Web"},"content":{"rendered":"<h2>Design Gr\u00e1fico e Web<\/h2>\n<p><span style=\"font-size: small;\">Tratamos a identidade visual da sua empresa por completo, seja na cria\u00e7\u00e3o ou na reestiliza\u00e7\u00e3o do seu logotipo, sua logomarca, al\u00e9m da elabora\u00e7\u00e3o do seu material gr\u00e1fico publicit\u00e1rio como: folder, portf\u00f3lio, cart\u00e3o de visita, folheto\/flyer, pastas customizadas, escolha de brindes, etc.<\/span><\/p>\n<a href=\"https:\/\/lmdesigns.com.br\/site\/contato\/\" title=\"Contrate o servi\u00e7o agora\" class=\"btn btn-primary btn-normal btn-inline \" target=\"_blank\">Contrate o servi\u00e7o agora<\/a><!-- .btn -->\n<p>Veja abaixo alguns modelos de flyer, folder e banner web:<\/p>\n","protected":false},"excerpt":{"rendered":"<p>Design Gr\u00e1fico e Web Tratamos a identidade visual da sua empresa por completo, seja na cria\u00e7\u00e3o ou na reestiliza\u00e7\u00e3o do seu logotipo, sua logomarca, al\u00e9m da elabora\u00e7\u00e3o do seu material gr\u00e1fico publicit\u00e1rio como: folder, portf\u00f3lio, cart\u00e3o de visita, folheto\/flyer, pastas customizadas, escolha de brindes, etc. Veja abaixo alguns modelos de flyer, folder e banner web:<\/p>\n","protected":false},"author":1,"featured_media":0,"parent":1979,"menu_order":3,"comment_status":"closed","ping_status":"closed","template":"page-Portfolio4Cols-filterable.php","meta":{"footnotes":""},"class_list":["post-1981","page","type-page","status-publish","hentry"],"_links":{"self":[{"href":"https:\/\/lmdesigns.com.br\/site\/wp-json\/wp\/v2\/pages\/1981","targetHints":{"allow":["GET"]}}],"collection":[{"href":"https:\/\/lmdesigns.com.br\/site\/wp-json\/wp\/v2\/pages"}],"about":[{"href":"https:\/\/lmdesigns.com.br\/site\/wp-json\/wp\/v2\/types\/page"}],"author":[{"embeddable":true,"href":"https:\/\/lmdesigns.com.br\/site\/wp-json\/wp\/v2\/users\/1"}],"replies":[{"embeddable":true,"href":"https:\/\/lmdesigns.com.br\/site\/wp-json\/wp\/v2\/comments?post=1981"}],"version-history":[{"count":0,"href":"https:\/\/lmdesigns.com.br\/site\/wp-json\/wp\/v2\/pages\/1981\/revisions"}],"up":[{"embeddable":true,"href":"https:\/\/lmdesigns.com.br\/site\/wp-json\/wp\/v2\/pages\/1979"}],"wp:attachment":[{"href":"https:\/\/lmdesigns.com.br\/site\/wp-json\/wp\/v2\/media?parent=1981"}],"curies":[{"name":"wp","href":"https:\/\/api.w.org\/{rel}","templated":true}]}}