{"id":1982,"date":"2011-07-14T19:47:05","date_gmt":"2011-07-14T19:47:05","guid":{"rendered":"https:\/\/192.168.9.29\/Development\/TB\/?page_id=14"},"modified":"2025-05-07T19:17:06","modified_gmt":"2025-05-07T22:17:06","slug":"contato","status":"publish","type":"page","link":"https:\/\/lmdesigns.com.br\/site\/contato\/","title":{"rendered":"Contato"},"content":{"rendered":"<div class=\"row \"> <div class=\"span4 \"><h2>Ol\u00e1...<\/h2>\n<h5>Utilize este espa\u00e7o para tirar suas d\u00favidas ou dar sua opini\u00e3o. Por favor preencha todos os campos deste formul\u00e1rio para que possamos atend\u00ea-lo corretamente.<\/h5>\n<address> <strong>LM Designs <\/strong>WhatsApp: <a href=\"https:\/\/api.whatsapp.com\/send?phone=5511970740550&amp;text=Contato pelo site LM Designs\" target=\"_blank\" rel=\"noopener\">+55 (11) 9.7074-0550<\/a><br \/>\nE-mail: <a href=\"mailto:fale@lmdesigns.com.br\" target=\"_blank\" rel=\"noopener noreferrer\">fale@lmdesigns.com.br<\/a> <\/address><!-- address (end) --><\/div> <div class=\"span8 \"><h2>Fale Conosco<\/h2>\n\n<div class=\"wpcf7 no-js\" id=\"wpcf7-f208-o1\" lang=\"en-US\" dir=\"ltr\" data-wpcf7-id=\"208\">\n<div class=\"screen-reader-response\"><p role=\"status\" aria-live=\"polite\" aria-atomic=\"true\"><\/p> <ul><\/ul><\/div>\n<form action=\"\/site\/wp-json\/wp\/v2\/pages\/1982#wpcf7-f208-o1\" method=\"post\" class=\"wpcf7-form init\" aria-label=\"Contact form\" novalidate=\"novalidate\" data-status=\"init\">\n<fieldset class=\"hidden-fields-container\"><input type=\"hidden\" name=\"_wpcf7\" value=\"208\" \/><input type=\"hidden\" name=\"_wpcf7_version\" value=\"6.1.5\" \/><input type=\"hidden\" name=\"_wpcf7_locale\" value=\"en_US\" \/><input type=\"hidden\" name=\"_wpcf7_unit_tag\" value=\"wpcf7-f208-o1\" \/><input type=\"hidden\" name=\"_wpcf7_container_post\" value=\"0\" \/><input type=\"hidden\" name=\"_wpcf7_posted_data_hash\" value=\"\" \/><input type=\"hidden\" name=\"_wpcf7_recaptcha_response\" value=\"\" \/>\n<\/fieldset>\n<div class=\"row-fluid\">\n\t<p class=\"span4 field\"><span class=\"wpcf7-form-control-wrap\" data-name=\"your-name\"><input size=\"40\" maxlength=\"400\" class=\"wpcf7-form-control wpcf7-text wpcf7-validates-as-required\" aria-required=\"true\" aria-invalid=\"false\" placeholder=\"Nome:\" value=\"\" type=\"text\" name=\"your-name\" \/><\/span>\n\t<\/p>\n\t<p class=\"span4 field\"><span class=\"wpcf7-form-control-wrap\" data-name=\"your-email\"><input size=\"40\" maxlength=\"400\" class=\"wpcf7-form-control wpcf7-email wpcf7-validates-as-required wpcf7-text wpcf7-validates-as-email\" aria-required=\"true\" aria-invalid=\"false\" placeholder=\"E-mail:\" value=\"\" type=\"email\" name=\"your-email\" \/><\/span>\n\t<\/p>\n\t<p class=\"span4 field\"><span class=\"wpcf7-form-control-wrap\" data-name=\"your-phone\"><input size=\"40\" maxlength=\"400\" class=\"wpcf7-form-control wpcf7-text\" aria-invalid=\"false\" placeholder=\"Telefone:\" value=\"\" type=\"text\" name=\"your-phone\" \/><\/span>\n\t<\/p>\n<\/div>\n<p class=\"field\"><span class=\"wpcf7-form-control-wrap\" data-name=\"your-message\"><textarea cols=\"40\" rows=\"10\" maxlength=\"2000\" class=\"wpcf7-form-control wpcf7-textarea\" aria-invalid=\"false\" placeholder=\"Mensagem:\" name=\"your-message\"><\/textarea><\/span>\n<\/p>\n<p class=\"submit-wrap\"><input type=\"reset\" value=\"limpa\" class=\"btn btn-primary\" \/><input class=\"wpcf7-form-control wpcf7-submit has-spinner btn btn-primary\" type=\"submit\" value=\"Envia\" \/>\n<\/p><div class=\"wpcf7-response-output\" aria-hidden=\"true\"><\/div>\n<\/form>\n<\/div>\n\u00a0<\/div> <\/div><!-- .row (end) -->\n","protected":false},"excerpt":{"rendered":"","protected":false},"author":1,"featured_media":0,"parent":0,"menu_order":6,"comment_status":"closed","ping_status":"closed","template":"page-fullwidth.php","meta":{"footnotes":""},"class_list":["post-1982","page","type-page","status-publish","hentry"],"_links":{"self":[{"href":"https:\/\/lmdesigns.com.br\/site\/wp-json\/wp\/v2\/pages\/1982","targetHints":{"allow":["GET"]}}],"collection":[{"href":"https:\/\/lmdesigns.com.br\/site\/wp-json\/wp\/v2\/pages"}],"about":[{"href":"https:\/\/lmdesigns.com.br\/site\/wp-json\/wp\/v2\/types\/page"}],"author":[{"embeddable":true,"href":"https:\/\/lmdesigns.com.br\/site\/wp-json\/wp\/v2\/users\/1"}],"replies":[{"embeddable":true,"href":"https:\/\/lmdesigns.com.br\/site\/wp-json\/wp\/v2\/comments?post=1982"}],"version-history":[{"count":0,"href":"https:\/\/lmdesigns.com.br\/site\/wp-json\/wp\/v2\/pages\/1982\/revisions"}],"wp:attachment":[{"href":"https:\/\/lmdesigns.com.br\/site\/wp-json\/wp\/v2\/media?parent=1982"}],"curies":[{"name":"wp","href":"https:\/\/api.w.org\/{rel}","templated":true}]}}