{"id":203,"date":"2011-09-14T09:45:02","date_gmt":"2011-09-14T09:45:02","guid":{"rendered":"https:\/\/192.168.9.29\/Development\/TB\/?page_id=203"},"modified":"2025-11-27T23:40:09","modified_gmt":"2025-11-28T02:40:09","slug":"home","status":"publish","type":"page","link":"https:\/\/lmdesigns.com.br\/site\/","title":{"rendered":"Home"},"content":{"rendered":"<div class=\"row \">\n<div class=\"span12 \"><div class=\"hero-unit \"><h1>Bem-vindo a LM Designs!<\/h1><p>Desenvolvemos o seu projeto completo, seja um site, loja virtual, marketplace, marketing digital e projetos exclusivos como marketplace com marketing multin\u00edvel, marketplace com programa de afiliados, redes sociais, programa de afiliados com marketing multin\u00edvel, portal de EAD com programa de afiliados, entre outros.<\/p><div class=\"btn-align\"><a href=\"\/site\/quem-somos\/\" title=\"leia mais\" class=\"btn btn-primary btn-normal btn-primary\" target=\"_self\">leia mais<\/a><\/div><\/div><!-- .hero-unit (end) --><\/div>\n<\/div><!-- .row (end) -->\n<div class=\"box\">\n<div class=\"row \">\n<div class=\"span3 \"><div class=\"banner-wrap icon_1\"><figure class=\"featured-thumbnail\"><a href=\"https:\/\/lmdesigns.com.br\/site\/servicos\/gestao-de-redes-sociais\/\" title=\"Gest\u00e3o de Redes Sociais\"><img decoding=\"async\" src=\"https:\/\/lmdesigns.com.br\/site\/wp-content\/uploads\/2021\/04\/fig-gestao-redes.jpg\" title=\"Gest\u00e3o de Redes Sociais\" alt=\"\" \/><\/a><\/figure><h5>Gest\u00e3o de Redes Sociais<\/h5><p>Conhe\u00e7a nossos planos e seus benef\u00edcios. Deixe que cuidamos das suas redes sociais.<\/p><div class=\"link-align banner-btn\"><a href=\"https:\/\/lmdesigns.com.br\/site\/servicos\/gestao-de-redes-sociais\/\" title=\"leia mais\" class=\"btn btn-link\" target=\"_self\">leia mais<\/a><\/div><\/div><!-- .banner-wrap (end) --><\/div>\n<div class=\"span3 \"><div class=\"banner-wrap icon_2\"><figure class=\"featured-thumbnail\"><a href=\"https:\/\/lmdesigns.com.br\/site\/servicos\/criativo-digital\/\" title=\"Criativo Digital\"><img decoding=\"async\" src=\"https:\/\/lmdesigns.com.br\/site\/wp-content\/uploads\/2022\/11\/fig-criativo.png\" title=\"Criativo Digital\" alt=\"\" \/><\/a><\/figure><h5>Criativo Digital<\/h5><p>Fazemos o criativo digital de acordo com a quantidade e a necessidade que sua empresa precisar.<\/p><div class=\"link-align banner-btn\"><a href=\"https:\/\/lmdesigns.com.br\/site\/servicos\/criativo-digital\/\" title=\"leia mais\" class=\"btn btn-link\" target=\"_self\">leia mais<\/a><\/div><\/div><!-- .banner-wrap (end) --><\/div>\n<div class=\"span3 \"><div class=\"banner-wrap icon_3\"><figure class=\"featured-thumbnail\"><a href=\"\/site\/servicos\/sites-e-blogs\/orcamento-para-projeto-web\/\" title=\"Funil de Vendas\"><img decoding=\"async\" src=\"https:\/\/lmdesigns.com.br\/site\/wp-content\/uploads\/2025\/03\/banner-funil.png\" title=\"Funil de Vendas\" alt=\"\" \/><\/a><\/figure><h5>Funil de Vendas<\/h5><p>Constru\u00edmos o seu funil de vendas espec\u00edfico completo com an\u00e1lise do seu neg\u00f3cio, plano estrat\u00e9gico, cria\u00e7\u00e3o da sua landing page, copies e as ferramentas que voc\u00ea vai utilizar.<\/p><div class=\"link-align banner-btn\"><a href=\"\/site\/servicos\/sites-e-blogs\/orcamento-para-projeto-web\/\" title=\"leia mais\" class=\"btn btn-link\" target=\"_self\">leia mais<\/a><\/div><\/div><!-- .banner-wrap (end) --><\/div>\n<div class=\"span3 \"><div class=\"banner-wrap icon_4\"><figure class=\"featured-thumbnail\"><a href=\"https:\/\/lmdesigns.com.br\/site\/servicos\/consultoria-em-marketing-multinivel\/\" title=\"Marketing Multin\u00edvel - MMN\"><img decoding=\"async\" src=\"https:\/\/lmdesigns.com.br\/site\/wp-content\/uploads\/2011\/09\/fig-mmnpq.png\" title=\"Marketing Multin\u00edvel - MMN\" alt=\"\" \/><\/a><\/figure><h5>Marketing Multin\u00edvel - MMN<\/h5><p>Uma consultoria completa em marketing, TI e treinamentos, para empresas e profissionais que querem implantar esse tipo de neg\u00f3cio.<\/p><div class=\"link-align banner-btn\"><a href=\"https:\/\/lmdesigns.com.br\/site\/servicos\/consultoria-em-marketing-multinivel\/\" title=\"leia mais\" class=\"btn btn-link\" target=\"_self\">leia mais<\/a><\/div><\/div><!-- .banner-wrap (end) --><\/div>\n<\/div><!-- .row (end) -->\n<\/div>\n<div class=\"row \">\n<div class=\"span3 \"><h2>Nosso Expertise<\/h2>\n<div class=\"list styled arrow-list\">\n<ul>\n<li><a title=\"Cria\u00e7\u00e3o e Gerenciamento de Campanhas online\" href=\"https:\/\/lmdesigns.com.br\/site\/servicos\/marketing-digital\/criacao-e-gerenciamento-de-campanhas-online\/\">Cria\u00e7\u00e3o de campanhas online<\/a><\/li>\n<li><a title=\"Landing Pages e Squeeze Pages \u2013 Modelos\" href=\"https:\/\/lmdesigns.com.br\/site\/servicos\/marketing-digital\/landing-pages-e-squeeze-pages-modelos\/\">Cria\u00e7\u00e3o de p\u00e1ginas de captura e estrat\u00e9gias<\/a><\/li>\n<li><a title=\"Marketing Digital\" href=\"https:\/\/lmdesigns.com.br\/site\/servicos\/marketing-digital\/\">Acompanhamento e mensura\u00e7\u00e3o de resultados<\/a><\/li>\n<li><a href=\"https:\/\/lmdesigns.com.br\/site\/produtos\/sistemas-web-prontos\/sistema-de-marketing-multinivel-mmn\/\">Sistemas online de Marketing Multin\u00edvel<\/a><\/li>\n<li><a title=\"Marketing Digital\" href=\"https:\/\/lmdesigns.com.br\/site\/servicos\/marketing-digital\/\">Planejamento de marketing digital<\/a><\/li>\n<li><a title=\"Consultoria em Marketing Multin\u00edvel\" href=\"https:\/\/lmdesigns.com.br\/site\/servicos\/consultoria-em-marketing-multinivel\">Consultoria marketing multin\u00edvel<\/a><\/li>\n<\/ul>\n<\/div>\n<a href=\"servicos\" title=\"Confira nossos servi\u00e7os\" class=\"btn btn-link btn-normal btn-inline \" target=\"_self\">Confira nossos servi\u00e7os<\/a><!-- .btn --><\/div>\n<div class=\"span3 \"><h2>Projetos Exclusivos!<\/h2>\n<div class=\"list styled arrow-list\">\n<ul>\n<li>Loja de Dropshipping.<\/li>\n<li>Marketplace com Marketing Multin\u00edvel.<\/li>\n<li>Marketplace com Programa de Afiliados.<\/li>\n<li>Redes Sociais.<\/li>\n<li>Programa de Afiliados com Marketing Multin\u00edvel.<\/li>\n<li>Portal de EAD com Programa de Afiliados.<\/li>\n<\/ul>\n<\/div>\n<a href=\"\/site\/servicos\/sites-e-blogs\/orcamento-para-projeto-web\/\" title=\"Solicite o seu Projeto!\" class=\"btn btn-link btn-normal btn-inline \" target=\"_self\">Solicite o seu Projeto!<\/a><!-- .btn --><\/div>\n<div class=\"span3 \"><div class=\"banner-wrap \"><figure class=\"featured-thumbnail\"><a href=\"https:\/\/bit.ly\/ebook-mmn2021\" title=\"Ebook MMN\" target=\"_blank\" rel=\"noopener\"><img decoding=\"async\" src=\"https:\/\/lmdesigns.com.br\/site\/wp-content\/uploads\/2024\/06\/fig-ebook-mmn2.png\" title=\"Ebook MMN\" alt=\"\" \/><\/a><\/figure><h5>Ebook MMN<\/h5><p>Baixe agora seu ebook sobre Marketing Multin\u00edvel e conhe\u00e7a a hist\u00f3ria, os n\u00fameros de mercado, formatos de planos e muito mais.<\/p><div class=\"link-align banner-btn\"><a href=\"https:\/\/bit.ly\/ebook-mmn2021\" title=\"Acesse agora!\" class=\"btn btn-link\" target=\"_blank\" rel=\"noopener\">Acesse agora!<\/a><\/div><\/div><!-- .banner-wrap (end) --><\/div>\n<div class=\"span3 \"><div class=\"banner-wrap \"><figure class=\"featured-thumbnail\"><a href=\"#\" title=\"Hospedagem e E-mails\"><img decoding=\"async\" src=\"https:\/\/lmdesigns.com.br\/site\/wp-content\/uploads\/2021\/04\/fig-host01.jpg\" title=\"Hospedagem e E-mails\" alt=\"\" \/><\/a><\/figure><h5>Hospedagem e E-mails<\/h5><p>Conhe\u00e7a nosso servi\u00e7o de hospedagem compartilhada, Cloud, servi\u00e7o de e-mails e muito mais. <\/p><div class=\"link-align banner-btn\"><a href=\"#\" title=\"Solicite or\u00e7amento!\" class=\"btn btn-link\" target=\"\">Solicite or\u00e7amento!<\/a><\/div><\/div><!-- .banner-wrap (end) --><\/div>\n<\/div><!-- .row (end) -->\n<div class=\"hr\"><\/div><!-- .hr (end) -->\n<div class=\"row \">\n<div class=\"span6 \"><div class=\"service-box \"><div class=\"service-box_body\"><h2 class=\"title\">CONSULTORIA COMPLETA EM MARKETING MULTIN\u00cdVEL-MMN<\/h2><h5 class=\"sub-title\">Marketing, Comunica\u00e7\u00e3o, Treinamento e TI<\/h5><div class=\"service-box_txt\"><i>Voc\u00ea est\u00e1 querendo implantar o sistema de Marketing Multin\u00edvel na sua empresa? N\u00e3o tem conhecimento ou pouco? Precisa de uma orienta\u00e7\u00e3o n\u00e3o s\u00f3 do que \u00e9 o esse tipo de neg\u00f3cio, mas principalmente se sua empresa se encaixa nos conceitos do MMN? E est\u00e1 a procura de um profissional com larga experi\u00eancia na \u00e1rea?<\/i><\/p>\n<p>Se voc\u00ea respondeu sim para essas perguntas.... voc\u00ea est\u00e1 com sorte! Converse comigo hoje mesmo. Terei o maior prazer em atend\u00ea-lo(a). Meu nome \u00e9 Luciano Martins, sou consultor em MMN, estudo e trabalho com MMN h\u00e1 mais de 23 anos.<\/p>\n<pre>Obs.: O v\u00eddeo ao lado explica o que \u00e9 Vendas Diretas, o modelo de Marketing Multin\u00edvel - MMN e Pir\u00e2mide, onde tem o intuito de esclarecer as d\u00favidas mais comuns das pessoas.<\/pre>\n<p><\/div><div class=\"btn-align\"><a href=\"https:\/\/lmdesigns.com.br\/site\/servicos\/consultoria-em-marketing-multinivel\/\" title=\"Conhe\u00e7a-me mais\" class=\"btn btn-inverse btn-normal btn-primary \" target=\"_self\">Conhe\u00e7a-me mais<\/a><\/div><\/div><\/div><!-- \/Service Box --><\/div>\n<div class=\"span6 \"><p><iframe loading=\"lazy\" src=\"https:\/\/www.youtube.com\/embed\/TTR-VpEk0D8\" width=\"480\" height=\"360\" frameborder=\"0\" allowfullscreen=\"allowfullscreen\"><\/iframe><\/p><\/div>\n<\/div><!-- .row (end) -->\n<div class=\"box_1\">\n<div class=\"row \">\n<div class=\"span2 \"><div class=\"banner-wrap \"><figure class=\"featured-thumbnail\"><a href=\"https:\/\/lmdesigns.com.br\/site\/?clients=freebiz\" title=\"\"><img decoding=\"async\" src=\"https:\/\/lmdesigns.com.br\/site\/wp-content\/uploads\/2021\/04\/logomarca-fbiz-400.jpg\" title=\"\" alt=\"\" \/><\/a><\/figure><\/div><!-- .banner-wrap (end) --><\/div>\n<div class=\"span2 \"><div class=\"banner-wrap \"><figure class=\"featured-thumbnail\"><a href=\"https:\/\/lmdesigns.com.br\/site\/?clients=pop-people\" title=\"\"><img decoding=\"async\" src=\"https:\/\/lmdesigns.com.br\/site\/wp-content\/uploads\/2021\/12\/logo-pop-119.jpg\" title=\"\" alt=\"\" \/><\/a><\/figure><\/div><!-- .banner-wrap (end) --><\/div>\n<div class=\"span2 \"><div class=\"banner-wrap \"><figure class=\"featured-thumbnail\"><a href=\"#\" title=\"\"><img decoding=\"async\" src=\"https:\/\/lmdesigns.com.br\/site\/wp-content\/uploads\/2025\/11\/logo-consulta-120.png\" title=\"\" alt=\"\" \/><\/a><\/figure><\/div><!-- .banner-wrap (end) --><\/div>\n<div class=\"span2 \"><div class=\"banner-wrap \"><figure class=\"featured-thumbnail\"><a href=\"#\" title=\"\"><img decoding=\"async\" src=\"https:\/\/lmdesigns.com.br\/site\/wp-content\/uploads\/2025\/11\/Logo-quinta-120.png\" title=\"\" alt=\"\" \/><\/a><\/figure><\/div><!-- .banner-wrap (end) --><\/div>\n<div class=\"span2 \"><div class=\"banner-wrap \"><figure class=\"featured-thumbnail\"><a href=\"#\" title=\"\"><img decoding=\"async\" src=\"https:\/\/lmdesigns.com.br\/site\/wp-content\/uploads\/2025\/11\/logo_keitha-80.png\" title=\"\" alt=\"\" \/><\/a><\/figure><\/div><!-- .banner-wrap (end) --><\/div>\n<\/div><!-- .row (end) -->\n<\/div>\n","protected":false},"excerpt":{"rendered":"","protected":false},"author":1,"featured_media":0,"parent":0,"menu_order":0,"comment_status":"closed","ping_status":"closed","template":"page-home.php","meta":{"footnotes":""},"class_list":["post-203","page","type-page","status-publish","hentry"],"_links":{"self":[{"href":"https:\/\/lmdesigns.com.br\/site\/wp-json\/wp\/v2\/pages\/203","targetHints":{"allow":["GET"]}}],"collection":[{"href":"https:\/\/lmdesigns.com.br\/site\/wp-json\/wp\/v2\/pages"}],"about":[{"href":"https:\/\/lmdesigns.com.br\/site\/wp-json\/wp\/v2\/types\/page"}],"author":[{"embeddable":true,"href":"https:\/\/lmdesigns.com.br\/site\/wp-json\/wp\/v2\/users\/1"}],"replies":[{"embeddable":true,"href":"https:\/\/lmdesigns.com.br\/site\/wp-json\/wp\/v2\/comments?post=203"}],"version-history":[{"count":11,"href":"https:\/\/lmdesigns.com.br\/site\/wp-json\/wp\/v2\/pages\/203\/revisions"}],"predecessor-version":[{"id":4959,"href":"https:\/\/lmdesigns.com.br\/site\/wp-json\/wp\/v2\/pages\/203\/revisions\/4959"}],"wp:attachment":[{"href":"https:\/\/lmdesigns.com.br\/site\/wp-json\/wp\/v2\/media?parent=203"}],"curies":[{"name":"wp","href":"https:\/\/api.w.org\/{rel}","templated":true}]}}