{"id":2115,"date":"2014-09-09T23:28:25","date_gmt":"2014-09-10T02:28:25","guid":{"rendered":"https:\/\/lmdesigns.com.br\/site\/?page_id=2115"},"modified":"2024-11-27T21:27:27","modified_gmt":"2024-11-28T00:27:27","slug":"lojas-virtuais","status":"publish","type":"page","link":"https:\/\/lmdesigns.com.br\/site\/servicos\/lojas-virtuais\/","title":{"rendered":"Lojas Virtuais"},"content":{"rendered":"<h2>Solu\u00e7\u00f5es sob Medida para Montar a Sua Loja Virtual<\/h2>\n<p>N\u00f3s temos a solu\u00e7\u00e3o de loja virtual que melhor se adaptar\u00e1 \u00e0s necessidades do seu neg\u00f3cio. Pensando em atender todos os tipos de empresa, da pequena at\u00e9 uma loja de grande porte, foi que desenvolvemos solu\u00e7\u00f5es inteligentes e eficazes, atrav\u00e9s da nossa pr\u00f3pria infra estrutura e tamb\u00e9m em parcerias que agreguem valor. Trabalhos com solu\u00e7\u00f5es distintas, onde uma delas com certeza ir\u00e1 se encaixar com o seu or\u00e7amento e atender \u00e0s suas necessidades e expectativas para ter a sua uma loja online.<\/p>\n<p>---<\/p>\n<h3><strong>Loja Virtual Personalizada:<\/strong><\/h3>\n<p>Neste tipo de solu\u00e7\u00e3o voc\u00ea ter\u00e1 uma loja personalizada, de acordo com \u00e0s suas necessidades.<\/p>\n<p><strong>Vantagens Diferenciadas:<\/strong><\/p>\n<p># Modelo de loja pronta \u00e0 sua escolha com painel de controle completo.<br \/>\n# Certificado de seguran\u00e7a SSL gr\u00e1tis.<br \/>\n# Voc\u00ea n\u00e3o precisa contratar o servi\u00e7o de design.<br \/>\n# Melhor sistema de CMS do mercado, o WordPress.<br \/>\n# Um dos melhores sistemas de e-commerce, o WooCommerce.<br \/>\n# Modelos com Designs Profissionais e Responsivos (se adaptam a todas as plataformas: micro, tablet e celular).<br \/>\n# A loja \u00e9 sua, ou seja, n\u00e3o h\u00e1 qualquer restri\u00e7\u00e3o pelo uso.<br \/>\n# Sem taxa sobre suas vendas ou pela quantidade de produtos. N\u00e3o existe limite de produtos ou qualquer restri\u00e7\u00e3o pelo uso.<br \/>\n# Integra\u00e7\u00e3o com sistemas de pagamentos online (PayPal, PagSeguro ou Mercado Pago) e com frete (Correios e Melhor Envio).<br \/>\n# Diversos m\u00f3dulos para integrar com seu site como redes sociais, publicidade, intera\u00e7\u00e3o com usu\u00e1rios, seguran\u00e7a, entre muitos outros.<br \/>\n# Livre para adapta\u00e7\u00e3o de acordo com as necessidades do seu neg\u00f3cio.<br \/>\n# Depois de pronta e entregue, voc\u00ea s\u00f3 paga uma taxa mensal pela manuten\u00e7\u00e3o e atualiza\u00e7\u00e3o t\u00e9cnica.<\/p>\n<a href=\"https:\/\/lmdesigns.com.br\/site\/servicos\/sites-e-blogs\/orcamento-para-projeto-web\/\" title=\"Solicite um or\u00e7amento\" class=\"btn btn-primary btn-normal btn-inline \" target=\"_self\">Solicite um or\u00e7amento<\/a><!-- .btn -->\n<p>---<\/p>\n","protected":false},"excerpt":{"rendered":"<p>Solu\u00e7\u00f5es sob Medida para Montar a Sua Loja Virtual N\u00f3s temos a solu\u00e7\u00e3o de loja virtual que melhor se adaptar\u00e1 \u00e0s necessidades do seu neg\u00f3cio. Pensando em atender todos os tipos de empresa, da pequena at\u00e9 uma loja de grande porte, foi que desenvolvemos solu\u00e7\u00f5es inteligentes e eficazes, atrav\u00e9s da nossa pr\u00f3pria infra estrutura e tamb\u00e9m em parcerias que agreguem&nbsp;<a href=\"https:\/\/lmdesigns.com.br\/site\/servicos\/lojas-virtuais\/\" class=\"read-more\">Continue Reading<\/a><\/p>\n","protected":false},"author":1,"featured_media":0,"parent":1979,"menu_order":3,"comment_status":"closed","ping_status":"closed","template":"page-fullwidth.php","meta":{"footnotes":""},"class_list":["post-2115","page","type-page","status-publish","hentry"],"_links":{"self":[{"href":"https:\/\/lmdesigns.com.br\/site\/wp-json\/wp\/v2\/pages\/2115","targetHints":{"allow":["GET"]}}],"collection":[{"href":"https:\/\/lmdesigns.com.br\/site\/wp-json\/wp\/v2\/pages"}],"about":[{"href":"https:\/\/lmdesigns.com.br\/site\/wp-json\/wp\/v2\/types\/page"}],"author":[{"embeddable":true,"href":"https:\/\/lmdesigns.com.br\/site\/wp-json\/wp\/v2\/users\/1"}],"replies":[{"embeddable":true,"href":"https:\/\/lmdesigns.com.br\/site\/wp-json\/wp\/v2\/comments?post=2115"}],"version-history":[{"count":0,"href":"https:\/\/lmdesigns.com.br\/site\/wp-json\/wp\/v2\/pages\/2115\/revisions"}],"up":[{"embeddable":true,"href":"https:\/\/lmdesigns.com.br\/site\/wp-json\/wp\/v2\/pages\/1979"}],"wp:attachment":[{"href":"https:\/\/lmdesigns.com.br\/site\/wp-json\/wp\/v2\/media?parent=2115"}],"curies":[{"name":"wp","href":"https:\/\/api.w.org\/{rel}","templated":true}]}}