{"id":2126,"date":"2014-09-10T17:21:37","date_gmt":"2014-09-10T20:21:37","guid":{"rendered":"https:\/\/lmdesigns.com.br\/site\/?page_id=2126"},"modified":"2018-05-30T00:26:01","modified_gmt":"2018-05-30T03:26:01","slug":"site-pronto-personalizado","status":"publish","type":"page","link":"https:\/\/lmdesigns.com.br\/site\/servicos\/sites-e-blogs\/site-pronto-personalizado\/","title":{"rendered":"Sites Prontos Personalizados Modernos e Responsivos"},"content":{"rendered":"<h2>Site Pronto Personalizado - S\u00e3o Centenas de Modelos Profissionais \u00e0 Sua Escolha!<\/h2>\n<p><span style=\"font-size: small;\">Possu\u00edmos uma grande rela\u00e7\u00e3o de modelos de websites prontos,\u00a0desenvolvidos com alto n\u00edvel de cria\u00e7\u00e3o, designs modernos, responsivos e sofisticados a pre\u00e7os incr\u00edveis; em m\u00e9dia, a partir de US$ 60 (sem exclusividade<span style=\"color: #ff0000;\">**<\/span>) ou tamb\u00e9m a partir de US$ 1500 (para exclusivos<span style=\"color: #ff0000;\">***<\/span>), nos mais diversos segmentos e plataformas para lojas virtuais como WooCommerce, Prestashop, Magento, entre outros, e CMS como WordPress, Drupal e demais. Site em HTML5, utilizando os mais sofisticados softwares gr\u00e1ficos.<\/span><\/p>\n<div class=\"service-box \"><figure class=\"icon\"><img decoding=\"async\" src=\"https:\/\/lmdesigns.com.br\/site\/wp-content\/themes\/theme47828\/images\/icon1.png\" alt=\"\" \/><\/figure><div class=\"service-box_body\"><h2 class=\"title\">Veja mais sobre o servi\u00e7o de personaliza\u00e7\u00e3o<\/h2><div class=\"btn-align\"><a href=\"\/site\/servicos\/sites-e-blogs\/site-pronto-personalizado\/personalizacao-de-site-e-blog-pronto\/\" title=\"Leia mais...\" class=\"btn btn-inverse btn-normal btn-primary \" target=\"_self\">Leia mais...<\/a><\/div><\/div><\/div><!-- \/Service Box --><div class=\"spacer\"><\/div><!-- .spacer (end) -->\n<p><span style=\"font-size: small; color: #ff0000;\">**<\/span>Os modelos de sites podem ser vendidos repetidamente para outros clientes.<br \/>\n<span style=\"color: #ff0000;\">***<\/span>Garante que voc\u00ea ser\u00e1 a \u00faltima pessoa a comprar o modelo escolhido. Depois que a compra exclusiva acontece o modelo \u00e9 permanentemente retirado de nosso diret\u00f3rio de vendas e n\u00e3o estar\u00e1 novamente dispon\u00edvel a outros clientes.<br \/>\nObs.: os pre\u00e7os podem variar de modelo para modelo.<\/p>\n","protected":false},"excerpt":{"rendered":"<p>Site Pronto Personalizado - S\u00e3o Centenas de Modelos Profissionais \u00e0 Sua Escolha! Possu\u00edmos uma grande rela\u00e7\u00e3o de modelos de websites prontos,\u00a0desenvolvidos com alto n\u00edvel de cria\u00e7\u00e3o, designs modernos, responsivos e sofisticados a pre\u00e7os incr\u00edveis; em m\u00e9dia, a partir de US$ 60 (sem exclusividade**) ou tamb\u00e9m a partir de US$ 1500 (para exclusivos***), nos mais diversos segmentos e plataformas para lojas&nbsp;<a href=\"https:\/\/lmdesigns.com.br\/site\/servicos\/sites-e-blogs\/site-pronto-personalizado\/\" class=\"read-more\">Continue Reading<\/a><\/p>\n","protected":false},"author":1,"featured_media":0,"parent":2106,"menu_order":0,"comment_status":"open","ping_status":"open","template":"","meta":{"footnotes":""},"class_list":["post-2126","page","type-page","status-publish","hentry"],"_links":{"self":[{"href":"https:\/\/lmdesigns.com.br\/site\/wp-json\/wp\/v2\/pages\/2126","targetHints":{"allow":["GET"]}}],"collection":[{"href":"https:\/\/lmdesigns.com.br\/site\/wp-json\/wp\/v2\/pages"}],"about":[{"href":"https:\/\/lmdesigns.com.br\/site\/wp-json\/wp\/v2\/types\/page"}],"author":[{"embeddable":true,"href":"https:\/\/lmdesigns.com.br\/site\/wp-json\/wp\/v2\/users\/1"}],"replies":[{"embeddable":true,"href":"https:\/\/lmdesigns.com.br\/site\/wp-json\/wp\/v2\/comments?post=2126"}],"version-history":[{"count":0,"href":"https:\/\/lmdesigns.com.br\/site\/wp-json\/wp\/v2\/pages\/2126\/revisions"}],"up":[{"embeddable":true,"href":"https:\/\/lmdesigns.com.br\/site\/wp-json\/wp\/v2\/pages\/2106"}],"wp:attachment":[{"href":"https:\/\/lmdesigns.com.br\/site\/wp-json\/wp\/v2\/media?parent=2126"}],"curies":[{"name":"wp","href":"https:\/\/api.w.org\/{rel}","templated":true}]}}