{"id":2499,"date":"2014-09-22T15:56:32","date_gmt":"2014-09-22T18:56:32","guid":{"rendered":"https:\/\/lmdesigns.com.br\/site\/?page_id=2499"},"modified":"2021-07-14T21:10:46","modified_gmt":"2021-07-15T00:10:46","slug":"landing-pages-e-squeeze-pages-modelos","status":"publish","type":"page","link":"https:\/\/lmdesigns.com.br\/site\/servicos\/marketing-digital\/landing-pages-e-squeeze-pages-modelos\/","title":{"rendered":"Landing Pages e Squeeze Pages &#8211; Modelos"},"content":{"rendered":"<h2>Tenha sua Landing Page ou Squeeze Page e conquiste mais clientes em potencial.<\/h2>\n<p><span style=\"font-size: small;\"><strong><img loading=\"lazy\" decoding=\"async\" class=\"alignleft size-full wp-image-3698\" src=\"https:\/\/lmdesigns.com.br\/site\/wp-content\/uploads\/2014\/09\/inbound-marketing01.png\" alt=\"inbound-marketing01\" width=\"451\" height=\"288\" srcset=\"https:\/\/lmdesigns.com.br\/site\/wp-content\/uploads\/2014\/09\/inbound-marketing01.png 451w, https:\/\/lmdesigns.com.br\/site\/wp-content\/uploads\/2014\/09\/inbound-marketing01-300x192.png 300w\" sizes=\"auto, (max-width: 451px) 100vw, 451px\" \/>Voc\u00ea precisa de gerar novos Leads (clientes em potencial) para sua empresa?<\/strong> Utilize essas ferramentas para captar seus visitantes e convert\u00ea-los em clientes potenciais.<\/span><\/p>\n<p><span style=\"font-size: small;\">As <strong>Landing Pages<\/strong>\u00a0(LPs) ou p\u00e1ginas de entrada s\u00e3o o destino do usu\u00e1rio ap\u00f3s um clique num an\u00fancio, atrav\u00e9s de uma banner e\/ou links patrocinados que voc\u00ea esteja fazendo numa campanha, por exemplo.<\/span><\/p>\n<p><span style=\"font-size: small;\">Assim, os visitantes n\u00e3o tem que ficar procurando pelo produto ou servi\u00e7o anunciado na sua oferta e v\u00e3o direto ao ponto, garantindo que estas pessoas obtenham de imediato as informa\u00e7\u00f5es que elas buscam, al\u00e9m de guiar o visitante para a a\u00e7\u00e3o desejada, muitas vezes a compra (com bot\u00f5es de a\u00e7\u00e3o para tanto) e\/ou ao pr\u00f3prio site da empresa para ver outros produtos relacionados, artigos, etc.<\/span><\/p>\n<p><span style=\"font-size: small;\">As\u00a0<strong>Squeeze Pages<\/strong>\u00a0(SPs) ou p\u00e1ginas de captura s\u00e3o um tipo de Landing Page \"mais simples\", pois tem <span style=\"text-decoration: underline;\">somente o<\/span> <span style=\"text-decoration: underline;\">objetivo de capturar o email do visitante<\/span>, atrav\u00e9s de alguma oferta, por exemplo, de um e-book gr\u00e1tis, acesso um v\u00eddeo, ou seja, o visitante tem acesso somente a essa p\u00e1gina.<\/span><\/p>\n<p><span style=\"font-size: small;\">Embora ambas tenham o intuito de transformar visitantes em leads e, assim come\u00e7ar um relacionamento, tudo vai variar de acordo com as estrat\u00e9gias definidas das a\u00e7\u00f5es pela empresa.<\/span><\/p>\n<p><span style=\"font-size: small;\">Fazemos a sua Landing Page:<\/span><\/p>\n<p><span style=\"font-size: small;\">\u25ba <strong><span style=\"color: #000000;\">CUSTOMIZADAS<\/span>:<\/strong> ser\u00e1 feita uma p\u00e1gina exclusiva para voc\u00ea e de acordo com sua necessidade, integrado a um formul\u00e1rio, redes sociais, links essenciais e demais itens como v\u00eddeo e imagens.<\/span><\/p>\n<p><span style=\"color: #000000;\"><strong><span style=\"font-size: small;\">Clique no bot\u00e3o abaixo e solicite um or\u00e7amento.<\/span><\/strong><\/span><\/p>\n<a href=\"https:\/\/lmdesigns.com.br\/site\/servicos\/sites-e-blogs\/orcamento-para-projeto-web\/\" title=\"Solicite um or\u00e7amento\" class=\"btn btn-primary btn-normal btn-inline \" target=\"_blank\">Solicite um or\u00e7amento<\/a><!-- .btn -->\n<p>--------<\/p>\n","protected":false},"excerpt":{"rendered":"<p>Tenha sua Landing Page ou Squeeze Page e conquiste mais clientes em potencial. Voc\u00ea precisa de gerar novos Leads (clientes em potencial) para sua empresa? Utilize essas ferramentas para captar seus visitantes e convert\u00ea-los em clientes potenciais. As Landing Pages\u00a0(LPs) ou p\u00e1ginas de entrada s\u00e3o o destino do usu\u00e1rio ap\u00f3s um clique num an\u00fancio, atrav\u00e9s de uma banner e\/ou links&nbsp;<a href=\"https:\/\/lmdesigns.com.br\/site\/servicos\/marketing-digital\/landing-pages-e-squeeze-pages-modelos\/\" class=\"read-more\">Continue Reading<\/a><\/p>\n","protected":false},"author":1,"featured_media":0,"parent":413,"menu_order":0,"comment_status":"closed","ping_status":"closed","template":"page-fullwidth.php","meta":{"footnotes":""},"class_list":["post-2499","page","type-page","status-publish","hentry"],"_links":{"self":[{"href":"https:\/\/lmdesigns.com.br\/site\/wp-json\/wp\/v2\/pages\/2499","targetHints":{"allow":["GET"]}}],"collection":[{"href":"https:\/\/lmdesigns.com.br\/site\/wp-json\/wp\/v2\/pages"}],"about":[{"href":"https:\/\/lmdesigns.com.br\/site\/wp-json\/wp\/v2\/types\/page"}],"author":[{"embeddable":true,"href":"https:\/\/lmdesigns.com.br\/site\/wp-json\/wp\/v2\/users\/1"}],"replies":[{"embeddable":true,"href":"https:\/\/lmdesigns.com.br\/site\/wp-json\/wp\/v2\/comments?post=2499"}],"version-history":[{"count":0,"href":"https:\/\/lmdesigns.com.br\/site\/wp-json\/wp\/v2\/pages\/2499\/revisions"}],"up":[{"embeddable":true,"href":"https:\/\/lmdesigns.com.br\/site\/wp-json\/wp\/v2\/pages\/413"}],"wp:attachment":[{"href":"https:\/\/lmdesigns.com.br\/site\/wp-json\/wp\/v2\/media?parent=2499"}],"curies":[{"name":"wp","href":"https:\/\/api.w.org\/{rel}","templated":true}]}}