{"id":2557,"date":"2014-09-23T16:41:17","date_gmt":"2014-09-23T19:41:17","guid":{"rendered":"https:\/\/lmdesigns.com.br\/site\/?page_id=2557"},"modified":"2021-07-14T21:03:48","modified_gmt":"2021-07-15T00:03:48","slug":"criacao-e-gerenciamento-de-campanhas-online","status":"publish","type":"page","link":"https:\/\/lmdesigns.com.br\/site\/servicos\/marketing-digital\/criacao-e-gerenciamento-de-campanhas-online\/","title":{"rendered":"Cria&ccedil;&atilde;o e Gerenciamento de Campanhas online"},"content":{"rendered":"<h2>Campanhas online - Como execut\u00e1-las de forma eficaz!<\/h2>\n<div id=\"attachment_2564\" style=\"width: 310px\" class=\"wp-caption alignleft\"><a href=\"https:\/\/lmdesigns.com.br\/site\/wp-content\/uploads\/2014\/09\/fig-4-passos-planejamento-de-campanhas-online.png\" target=\"_blank\" rel=\"noopener\"><img loading=\"lazy\" decoding=\"async\" aria-describedby=\"caption-attachment-2564\" class=\"wp-image-2564 size-medium\" title=\"Campanhas Online\" src=\"https:\/\/lmdesigns.com.br\/site\/wp-content\/uploads\/2014\/09\/fig-4-passos-planejamento-de-campanhas-online-300x300.png\" alt=\"fig-4-passos-planejamento-de-campanhas-online\" width=\"300\" height=\"300\" \/><\/a><p id=\"caption-attachment-2564\" class=\"wp-caption-text\">Campanhas Online<\/p><\/div>\n<p><span style=\"font-size: small;\">A <span style=\"color: #000080;\"><strong>LM Designs<\/strong><\/span> cria, gerencia e administra toda a sua campanha online, desde os primeiros passos, como o briefing da sua empresa, ajudando-o a melhor definir as metas e seu objetivo.<\/span><\/p>\n<p><span style=\"font-size: small;\">Existem algumas etapas primordiais nesse processo que exemplificamos nesse infogr\u00e1fico ao lado (clique para ver).<\/span><\/p>\n<p><span style=\"font-size: small;\">Para que tudo funcione o 1\u00ba passo \u00e9 \u201cdescobrir quem realmente \u00e9 o seu p\u00fablico-alvo, o que ele faz, gosta, sua idade, etc. Quanto mais voc\u00ea souber sobre ele saber\u00e1 melhor identificar qual \u00e9 o seu real problema e mostrar que pode ajud\u00e1-lo a resolver.<\/span><\/p>\n<p><span style=\"font-size: small;\">Uma das formas de gerar visitas para sua <\/span><a title=\"Landing Pages e Squeeze Pages \u2013 Modelos\" href=\"https:\/\/lmdesigns.com.br\/site\/servicos\/marketing-digital\/landing-pages-e-squeeze-pages-modelos\/\"><span style=\"font-size: small;\">Landing Page<\/span><\/a><span style=\"font-size: small;\"> \/ seu site \/ sua p\u00e1gina de vendas \u00e9 atrav\u00e9s de m\u00eddia online \u2013 o tr\u00e1fego pago \u2013 em an\u00fancios como Facebook Ads e os Links Patrocinados, do Google AdWords, sendo estes os mais utilizados.<\/span><\/p>\n<p><span style=\"font-size: small;\">Em termos de marketing digital essa \u00e9 uma maneira de aumentar e complementar as a\u00e7\u00f5es, al\u00e9m de conte\u00fado que voc\u00ea pode e deve gerar (no seu Blog, por <a title=\"Email Marketing Multicanal\" href=\"https:\/\/lmdesigns.com.br\/site\/servicos\/marketing-digital\/email-marketing-multicanal\/\">email marketing<\/a>, nas redes sociais, etc), <strong><span style=\"color: #000000;\">SEO<\/span><\/strong> (\"otimiza\u00e7\u00e3o para mecanismos de busca\" que tem como objetivo melhorar o posicionamento do seu site nos mecanismos de busca utilizando t\u00e9cnicas como palavras-chave, links, descri\u00e7\u00e3o, conte\u00fado, etc) e, ainda, utilizando ferramentas que te auxiliar\u00e3o nesse processo.<\/span><\/p>\n<p><span style=\"font-size: small;\">Outras t\u00e9cnicas usadas, de <span style=\"text-decoration: underline;\">otimiza\u00e7\u00e3o e marketing<\/span>, al\u00e9m do SEO s\u00e3o:<\/span><\/p>\n<p><span style=\"font-size: small;\"><strong><span style=\"color: #000000;\">SMO<\/span><\/strong> (Social Media Optimization): ou \u201cOtimiza\u00e7\u00e3o de M\u00eddias Sociais\u201d, \u00e9 o segundo m\u00e9todo de otimiza\u00e7\u00e3o de sites, o outro \u00e9 o SEO mostrado acima. O objetivo \u00e9 aumentar a quantidade de visitantes \u00fanicos dentro de qualquer m\u00eddia social (Facebook, Twitter, LinkedIN, etc) e esta gerar tr\u00e1fego para o site. Assim, a t\u00e9cnica principal \u00e9 o SEO que \"ajuda\" o SMO e ambas otimizam o site.<\/span><\/p>\n<p><span style=\"font-size: small;\"><strong><span style=\"color: #000000;\">SEM<\/span><\/strong> (Search Engine Marketing): ou \u201cMarketing para Ferramentas de Busca\u201d, tamb\u00e9m \u00e9 ligado aos mecanismos de busca como o SEO e tem como objetivo melhorar a visibilidade de sites nos mecanismos de busca utilizando de estrat\u00e9gias do pr\u00f3prio SEO como palavras-chave, URLs amig\u00e1veis, descri\u00e7\u00e3o do conte\u00fado da p\u00e1gina, t\u00edtulos, etc, al\u00e9m dos links patrocinados (tr\u00e1fego pago) , plugins, backlinks, rede display, entre outras.<\/span><\/p>\n<p><span style=\"font-size: small;\"><strong><span style=\"color: #000000;\">SMM<\/span><\/strong> (Social Media Marketing): ou \"Marketing de M\u00eddias Sociais\", \u00e9 a \u00e1rea respons\u00e1vel por toda estrat\u00e9gia de marketing dentro das m\u00eddias sociais e tem como objetivo criar conte\u00fado de qualidade, realizar promo\u00e7\u00f5es, compartilhar conte\u00fado (artigos, v\u00eddeos, etc), interagir com os usu\u00e1rios e f\u00e3s, entre outras, tornando a empresa mais conhecida.<\/span><\/p>\n<p><strong><span style=\"color: #000000; font-size: small;\">Qual o m\u00ednimo para Investir?<\/span><\/strong><\/p>\n<p><span style=\"font-size: small;\">Ao contr\u00e1rio do que muitos pensam investir em campanhas no Facebook Ads \u00e9 muito acess\u00edvel, onde pode-se atrair uma audi\u00eancia qualificada atrav\u00e9s de um p\u00fablico bem segmentado.<\/span><\/p>\n<p><span style=\"font-size: small;\">Voc\u00ea pode come\u00e7ar com pouco (por ex.: R$ 100,00\/dia pagando R$ 0,40\/ clique = 250 prospects, visitantes para sua p\u00e1gina), mas atrav\u00e9s de um planejamento mensal pode subir seu investimento gradativamente, atrav\u00e9s da mensura\u00e7\u00e3o de resultados (acompanhando seus an\u00fancios e as convers\u00f5es). Mas tudo vai variar de acordo com seus objetivos, ou seja, seu principal objetivo \u00e9 vender? Quanto quer vender? \u00c9 ser mais conhecido? Enfim, a\u00ed sim come\u00e7a todo o nosso estudo e an\u00e1lise ao seu lado.<\/span><\/p>\n<p><span style=\"color: #000000;\"><strong><span style=\"font-size: small;\">Cria\u00e7\u00e3o das Pe\u00e7as Publicit\u00e1rias<\/span><\/strong><\/span><\/p>\n<p><span style=\"font-size: small;\">Como j\u00e1 \u00e9 conhecido o ditado \"uma imagem vale mais que mil palavras\" - por isso, criamos os an\u00fancios, propriamente dito, nos formatos de acordo com as m\u00eddias escolhidas como tamb\u00e9m, os <a title=\"Banners \u2013 diversos tamanhos\" href=\"https:\/\/lmdesigns.com.br\/site\/portfolio-view\/banners-diversos-tamanhos\/\">banners <\/a>(super banner: 728x90 px - superior; skyscraper: 120x600 px - lateral, etc), torpedos - veja alguns exemplos abaixo - (banner em formato maior, por exemplo 800x600 px, para envio por e-mail marketing), uma newsletter, dentre outros tipos. <span style=\"text-decoration: underline;\">Tudo isso respeitando sempre a identidade e linha de comunica\u00e7\u00e3o da sua empresa<\/span>.<\/span><\/p>\n<a href=\"orcamento-para-campanhas-online\/\" title=\"Solicite um or\u00e7amento\" class=\"btn btn-primary btn-normal btn-inline \" target=\"_self\">Solicite um or\u00e7amento<\/a><!-- .btn -->\n----<\/p>\n","protected":false},"excerpt":{"rendered":"<p>Campanhas online - Como execut\u00e1-las de forma eficaz! A LM Designs cria, gerencia e administra toda a sua campanha online, desde os primeiros passos, como o briefing da sua empresa, ajudando-o a melhor definir as metas e seu objetivo. Existem algumas etapas primordiais nesse processo que exemplificamos nesse infogr\u00e1fico ao lado (clique para ver). Para que tudo funcione o 1\u00ba&nbsp;<a href=\"https:\/\/lmdesigns.com.br\/site\/servicos\/marketing-digital\/criacao-e-gerenciamento-de-campanhas-online\/\" class=\"read-more\">Continue Reading<\/a><\/p>\n","protected":false},"author":1,"featured_media":0,"parent":413,"menu_order":0,"comment_status":"closed","ping_status":"closed","template":"page-fullwidth.php","meta":{"footnotes":""},"class_list":["post-2557","page","type-page","status-publish","hentry"],"_links":{"self":[{"href":"https:\/\/lmdesigns.com.br\/site\/wp-json\/wp\/v2\/pages\/2557","targetHints":{"allow":["GET"]}}],"collection":[{"href":"https:\/\/lmdesigns.com.br\/site\/wp-json\/wp\/v2\/pages"}],"about":[{"href":"https:\/\/lmdesigns.com.br\/site\/wp-json\/wp\/v2\/types\/page"}],"author":[{"embeddable":true,"href":"https:\/\/lmdesigns.com.br\/site\/wp-json\/wp\/v2\/users\/1"}],"replies":[{"embeddable":true,"href":"https:\/\/lmdesigns.com.br\/site\/wp-json\/wp\/v2\/comments?post=2557"}],"version-history":[{"count":0,"href":"https:\/\/lmdesigns.com.br\/site\/wp-json\/wp\/v2\/pages\/2557\/revisions"}],"up":[{"embeddable":true,"href":"https:\/\/lmdesigns.com.br\/site\/wp-json\/wp\/v2\/pages\/413"}],"wp:attachment":[{"href":"https:\/\/lmdesigns.com.br\/site\/wp-json\/wp\/v2\/media?parent=2557"}],"curies":[{"name":"wp","href":"https:\/\/api.w.org\/{rel}","templated":true}]}}