{"id":2596,"date":"2014-09-25T15:17:56","date_gmt":"2014-09-25T18:17:56","guid":{"rendered":"https:\/\/lmdesigns.com.br\/site\/?page_id=2596"},"modified":"2025-01-07T21:36:55","modified_gmt":"2025-01-08T00:36:55","slug":"sistema-email-marketing-multicanal","status":"publish","type":"page","link":"https:\/\/lmdesigns.com.br\/site\/servicos\/marketing-digital\/sistema-email-marketing-multicanal\/","title":{"rendered":"Sistema Email Marketing Multicanal"},"content":{"rendered":"<h5><strong>Comunica\u00e7\u00e3o com o Cliente \u00e9 Essencial<\/strong><\/h5>\n<p><span style=\"font-size: small;\">Como diz o ditado, \"a propaganda \u00e9 a alma do neg\u00f3cio\", ou seja, n\u00e3o adianta sua empresa ter um bom produto e\/ou mesmo oferecer um servi\u00e7o de qualidade se o seu p\u00fablico-alvo n\u00e3o conhec\u00ea-lo e nem mesmo souber o porque ele pode vir a atender \u00e0s suas necessidades e expectativas. O importante \u00e9 que voc\u00ea deve pensar sempre no que o seu produto\/servi\u00e7o tem como diferencial; inovador e a que pre\u00e7o est\u00e1 sendo oferecido no mercado para torn\u00e1-lo convidativo aos olhos do consumidor, buscando com isso, um aumento significativo em suas vendas.<\/span><\/p>\n<div class=\"span8 \"><iframe loading=\"lazy\" class=\"alignleft\" src=\"\/\/www.youtube.com\/embed\/videoseries?list=PLH88RI0zwljHgDSMaoAstJF_Pydu_LWVz\" width=\"420\" height=\"315\" frameborder=\"0\" allowfullscreen=\"allowfullscreen\"><\/iframe>O e-mail marketing \u00e9 uma grande ferramenta utilizada fortemente no mundo pelas empresas e profissionais, seja para se comunicar com seus clientes, para estreitar o relacionamento ou criar novos, com seus leads (clientes em potencial), na conquista que se tornem novos consumidores. Al\u00e9m do menor custo, rapidez, intera\u00e7\u00e3o, din\u00e2mica, modernidade e praticidade de contato. Sendo assim, o contato via e-mail, atrav\u00e9s de uma boa ferramenta que gerencie todo o processo (cria\u00e7\u00e3o, teste, envio, acompanhamento e mensura\u00e7\u00e3o de resultados) \u00e9 vital.<\/p>\n<p>A <span style=\"color: #000000;\"><strong>LM Designs<\/strong><\/span>\u00a0desenvolveu uma parceria com a empresa portuguesa <span style=\"color: #000000;\"><strong>e-Goi<\/strong><\/span>, que criou uma ferramenta de <strong>marketing multicanal<\/strong>, para envio de suas campanhas atrav\u00e9s de\u00a0<strong><span style=\"color: #000080;\">Email, SMS, torpedos de voz, formul\u00e1rios e redes sociais!<\/span><\/strong><br \/><\/div>\n<div class=\"clear\"><\/div><!-- .clear (end) -->\n<p><span style=\"font-size: small;\"><span style=\"color: #000000;\"><span style=\"text-decoration: underline;\"><strong>Gest\u00e3o para sua empresa<\/strong><\/span>:<\/span> E o mais importante, al\u00e9m de oferecer uma ferramenta eficaz, somos pioneiros na gest\u00e3o completa do servi\u00e7o de e-mail marketing, pois caso voc\u00ea n\u00e3o possa ou n\u00e3o tenha como\u00a0dispor de tempo e de um profissional capaz de interpret\u00e1-la, por mais simples e intuitiva que seja, n\u00f3s cuidamos de todo o processo. Com isso, muitas micro e pequenas empresas tem se beneficiado significativamente com esse servi\u00e7o de gest\u00e3o de email marketing, o que proporciona um ganho significativo de tempo e dinheiro podendo assim, ter um foco mais direcionado no seu neg\u00f3cio.<\/span><\/p>\n<p><span style=\"font-size: small; color: #000080;\"><strong>Email Marketing Multicanal: O que quero, quando quero e onde quero!<\/strong><\/span><\/p>\n<p><span style=\"font-size: small;\">O Marketing Multicanal est\u00e1 se tornando uma necessidade premente, tal \u00e9 o crescimento do n\u00famero de canais dispon\u00edveis para se comunicar. Estamos numa era em que vivemos praticamente online.<\/span><\/p>\n<p><span style=\"font-size: small;\">Quantas vezes voc\u00ea costuma usar o seu o telefone fixo de casa? Quando foi a \u00faltima vez que leu a publicidade amarrotada no seu correio postal em vez de jogar logo no lixo? Agora pense na frequ\u00eancia com que consulta seu email. J\u00e1 imaginou andar o dia todo sem celular? E quantas horas passa no Facebook, Twitter ou LinkedIn?<\/span><\/p>\n<p><span style=\"font-size: small;\">H\u00e1 alguns anos, a televis\u00e3o e a mala direta eram os canais de marketing <em>outbound<\/em> privilegiados, enquanto que o marketing <em>inbound<\/em> se limitava aos call centers e \u00e0s lojas. Mas a Internet mudou tudo isso. Mudou h\u00e1bitos. Mudou comportamentos. \u00c9 dif\u00edcil conjugar verbos como comer, trabalhar, ler, pagar, recrutar e socializar sem ela. Mudou para sempre a forma como se compram e vendem produtos e servi\u00e7os.<\/span><\/p>\n<p><span style=\"font-size: small;\">Mas, hoje em dia, n\u00e3o basta enviar a mensagem certa \u00e0s pessoas certas no <em>timing<\/em> mais adequado. \u00c9 preciso lhes fazer chegar essa informa\u00e7\u00e3o atrav\u00e9s dos canais mais adequados! E com o crescimento exponencial de novas tecnologias e aplica\u00e7\u00f5es esperamos encontrar informa\u00e7\u00e3o relevante, n\u00e3o s\u00f3 no nosso email, mas tamb\u00e9m no nosso celular e na nossa rede social favorita (ou em qualquer outro canal que decidamos utilizar). Os marketeiros t\u00eam agora de prever o maior n\u00famero de intera\u00e7\u00f5es poss\u00edveis, pois j\u00e1 n\u00e3o ditam as regras do jogo. A utiliza\u00e7\u00e3o e integra\u00e7\u00e3o dos novos canais de marketing faz-se online, com base nas nossas prefer\u00eancias e comportamentos.<\/span><\/p>\n<p><img loading=\"lazy\" decoding=\"async\" class=\"alignleft wp-image-2650 size-medium\" title=\"email marketing\" src=\"https:\/\/lmdesigns.com.br\/site\/wp-content\/uploads\/2014\/09\/fig-futebol-287x300.png\" alt=\"fig-futebol\" width=\"287\" height=\"300\" srcset=\"https:\/\/lmdesigns.com.br\/site\/wp-content\/uploads\/2014\/09\/fig-futebol-287x300.png 287w, https:\/\/lmdesigns.com.br\/site\/wp-content\/uploads\/2014\/09\/fig-futebol.png 450w\" sizes=\"auto, (max-width: 287px) 100vw, 287px\" \/><span style=\"font-size: small;\">Quer um exemplo? Imagine que est\u00e1 de f\u00e9rias no Rio de Janeiro mas vive em outra parte do pa\u00eds. Um dia, v\u00ea no seu email uma newsletter sobre o jogo que a sele\u00e7\u00e3o brasileira vai ter no Maracan\u00e3. Uns minutos depois de ler, o Neymar faz uma liga\u00e7\u00e3o para convid\u00e1-lo pessoalmente para o jogo! Como \u00e9 que isso aconteceu? Simples: foi configurado o envio autom\u00e1tico de uma chamada de telefone com uma mensagem do Neymar apenas \u00e0s pessoas que est\u00e3o no Rio de Janeiro quando abriram a newsletter sobre o jogo!<\/span><\/p>\n<p><span style=\"font-size: small;\">Este exemplo, apresentado pela plataforma de marketing multicanal \u00e9 uma excelente indica\u00e7\u00e3o do tipo de comunica\u00e7\u00e3o integrada que as empresas e marcas j\u00e1 est\u00e3o a usar para se relacionarem connosco. Afinal, como v\u00ea, agora \u00e9 o consumidor que dita as regras do jogo!<\/span><\/p>\n<a href=\"https:\/\/www.e-goi.com\/?a=hnmoSaUI8pzGf\" title=\"Teste Gr\u00e1tis Agora!\" class=\"btn btn-primary btn-normal btn-inline \" target=\"_blank\" rel=\"noopener\">Teste Gr\u00e1tis Agora!<\/a><!-- .btn -->\n<p>----<\/p>\n","protected":false},"excerpt":{"rendered":"<p>Comunica\u00e7\u00e3o com o Cliente \u00e9 Essencial Como diz o ditado, \"a propaganda \u00e9 a alma do neg\u00f3cio\", ou seja, n\u00e3o adianta sua empresa ter um bom produto e\/ou mesmo oferecer um servi\u00e7o de qualidade se o seu p\u00fablico-alvo n\u00e3o conhec\u00ea-lo e nem mesmo souber o porque ele pode vir a atender \u00e0s suas necessidades e expectativas. O importante \u00e9 que&nbsp;<a href=\"https:\/\/lmdesigns.com.br\/site\/servicos\/marketing-digital\/sistema-email-marketing-multicanal\/\" class=\"read-more\">Continue Reading<\/a><\/p>\n","protected":false},"author":1,"featured_media":0,"parent":413,"menu_order":0,"comment_status":"closed","ping_status":"closed","template":"page-fullwidth.php","meta":{"footnotes":""},"class_list":["post-2596","page","type-page","status-publish","hentry"],"_links":{"self":[{"href":"https:\/\/lmdesigns.com.br\/site\/wp-json\/wp\/v2\/pages\/2596","targetHints":{"allow":["GET"]}}],"collection":[{"href":"https:\/\/lmdesigns.com.br\/site\/wp-json\/wp\/v2\/pages"}],"about":[{"href":"https:\/\/lmdesigns.com.br\/site\/wp-json\/wp\/v2\/types\/page"}],"author":[{"embeddable":true,"href":"https:\/\/lmdesigns.com.br\/site\/wp-json\/wp\/v2\/users\/1"}],"replies":[{"embeddable":true,"href":"https:\/\/lmdesigns.com.br\/site\/wp-json\/wp\/v2\/comments?post=2596"}],"version-history":[{"count":0,"href":"https:\/\/lmdesigns.com.br\/site\/wp-json\/wp\/v2\/pages\/2596\/revisions"}],"up":[{"embeddable":true,"href":"https:\/\/lmdesigns.com.br\/site\/wp-json\/wp\/v2\/pages\/413"}],"wp:attachment":[{"href":"https:\/\/lmdesigns.com.br\/site\/wp-json\/wp\/v2\/media?parent=2596"}],"curies":[{"name":"wp","href":"https:\/\/api.w.org\/{rel}","templated":true}]}}