{"id":2694,"date":"2014-09-30T17:19:40","date_gmt":"2014-09-30T20:19:40","guid":{"rendered":"https:\/\/lmdesigns.com.br\/site\/?page_id=2694"},"modified":"2016-09-17T18:14:03","modified_gmt":"2016-09-17T21:14:03","slug":"redes-sociais","status":"publish","type":"page","link":"https:\/\/lmdesigns.com.br\/site\/servicos\/marketing-digital\/redes-sociais\/","title":{"rendered":"Redes Sociais"},"content":{"rendered":"<h5><strong>Redes Sociais - Como n\u00e3o estar nelas hoje em dia?<\/strong><\/h5>\n<p><img loading=\"lazy\" decoding=\"async\" class=\"alignleft wp-image-2705 size-full\" src=\"https:\/\/lmdesigns.com.br\/site\/wp-content\/uploads\/2014\/09\/fig-redes-sociais-pq.png\" alt=\"fig-redes-sociais-pq\" width=\"565\" height=\"520\" srcset=\"https:\/\/lmdesigns.com.br\/site\/wp-content\/uploads\/2014\/09\/fig-redes-sociais-pq.png 565w, https:\/\/lmdesigns.com.br\/site\/wp-content\/uploads\/2014\/09\/fig-redes-sociais-pq-300x276.png 300w\" sizes=\"auto, (max-width: 565px) 100vw, 565px\" \/><span style=\"font-size: small;\">Pesquisas apontam que mais de 1 bilh\u00e3o de pessoas no mundo utilizam redes sociais e o brasileiro \u00e9 um dos que mais acessam. Segundo pesquisa realizada este ano pela Nielsen, provedora global de informa\u00e7\u00f5es e insights sobre consumidores, o desejo de dar opini\u00f5es sobre produtos e servi\u00e7os \u00e9 citado por 68% dos usu\u00e1rios de redes sociais, ou seja, cada v\u00edrgula que sua empresa posta nas redes sociais impacta um n\u00famero exorbitante de pessoas.<\/span><\/p>\n<p><span style=\"font-size: small;\">Al\u00e9m disso, se pararmos para pensar, \u00e9 essencial que a empresa tenha uma p\u00e1gina no Facebook e um perfil no Twitter. N\u00e3o s\u00e3o mais aceitos argumentos como: \u201cAh... Estamos montando\u201d ou \u201cEstamos contratando uma empresa especializada para desempenhar esse papel\u201d. Esque\u00e7a isso j\u00e1! <strong>Aceite que as redes sociais s\u00e3o uma realidade e n\u00e3o d\u00e1 para deixar de lado, correndo o risco da pena, que pode ser alta<\/strong>.<\/span><\/p>\n<p><span style=\"font-size: small;\">Neste contexto, muitos gestores querem saber como utilizar melhor as redes sociais, como a sua empresa pode se posicionar, o que devem ou n\u00e3o fazer.Um bom ponto de partida \u00e9 entender seus 3 prop\u00f3sitos principais:<\/span><\/p>\n<p><span style=\"font-size: small;\"><strong>1. Funcionar como um term\u00f4metro de como o p\u00fablico em geral enxerga a sua marca e produtos.<\/strong> Isso ajuda a posicionar-se e caminhar com um pouco mais de luz. Diferente de uma pesquisa formal, na qual os entrevistados s\u00e3o questionados intencionalmente e com um objetivo final, nas redes sociais os clientes espontaneamente e sem qualquer est\u00edmulo direcionado lhe dar\u00e3o opini\u00f5es valiosas sobre o que pensam dos seus produtos, servi\u00e7os e principalmente a melhor e pior forma de utiliza\u00e7\u00e3o dos mesmos.<\/span><\/p>\n<p><span style=\"font-size: small;\"><strong>2. Atuar como uma \u201cCentral de Atendimento ao Cliente\u201d.<\/strong> Por meio das redes sociais, a empresa saber\u00e1 antes de qualquer outro meio as maiores verdades e as coisas urgentes e importantes que deve saber.<\/span><\/p>\n<p><span style=\"font-size: small;\"><strong>3. Construir uma boa reputa\u00e7\u00e3o para a sua marca.<\/strong> Esse item est\u00e1 atrelado aos outros dois, mas assim como toda a\u00e7\u00e3o de comunica\u00e7\u00e3o e marketing, as redes sociais precisam atender aos objetivos da empresa, ou seja, ao posicionamento e a imagem que se deseja atingir, caso contr\u00e1rio nada disso faria sentido. <\/span><span style=\"font-size: 1;\">(por\u00a0Claudio Gandelman, fundador e CEO do Teckler)<\/span><\/p>\n<p><span style=\"font-size: small;\">Ou seja, figurar nas redes sociais \u00e9 cada vez mais essencial, assim como h\u00e1 alguns anos atr\u00e1s era para a empresa ter um site. Podemos ainda acrescentar a import\u00e2ncia das redes sociais para:<\/span><\/p>\n<p><span style=\"font-size: small;\"><span style=\"color: #000000;\"><strong># Apresentar ideias<\/strong><\/span> - de novos produtos, servi\u00e7os, a\u00e7\u00f5es sociais, etc.<\/span><\/p>\n<p><span style=\"font-size: small;\"><strong><span style=\"color: #000000;\"># Criar relacionamento<\/span><\/strong> - no atendimento, no p\u00f3s-venda criando um canal aberto empresa-cliente.<\/span><\/p>\n<p><span style=\"font-size: small;\"><strong><span style=\"color: #000000;\"># Criar engajamento<\/span><\/strong> - compartilhando conte\u00fado (v\u00eddeos, artigos, promo\u00e7\u00f5es, criando grupos, etc).<\/span><\/p>\n<p><span style=\"font-size: small;\"><span style=\"color: #000000;\"><strong># Principalmente, conhecer melhor o seu p\u00fablico-alvo<\/strong><\/span>, quem s\u00e3o, o que gostam ou n\u00e3o, onde moram, o que fazem, etc.<\/span><\/p>\n<p><span style=\"font-size: small;\"><strong>Fa\u00e7a uma campanha online nas redes socais sabendo o quanto vai investir (de acordo com seu bolso) x retorno esperado, mensurando o que d\u00e1 ou n\u00e3o certo.<\/strong><\/span><\/p>\n<a href=\"\/site\/marketing-digital\/orcamento-para-campanhas-online\/\" title=\"Solicite um or\u00e7amento\" class=\"btn btn-primary btn-normal btn-inline \" target=\"_self\">Solicite um or\u00e7amento<\/a><!-- .btn -->\n<div class=\"spacer\"><\/div><!-- .spacer (end) -->\n<p>-----<\/p>\n","protected":false},"excerpt":{"rendered":"<p>Redes Sociais - Como n\u00e3o estar nelas hoje em dia? Pesquisas apontam que mais de 1 bilh\u00e3o de pessoas no mundo utilizam redes sociais e o brasileiro \u00e9 um dos que mais acessam. Segundo pesquisa realizada este ano pela Nielsen, provedora global de informa\u00e7\u00f5es e insights sobre consumidores, o desejo de dar opini\u00f5es sobre produtos e servi\u00e7os \u00e9 citado por&nbsp;<a href=\"https:\/\/lmdesigns.com.br\/site\/servicos\/marketing-digital\/redes-sociais\/\" class=\"read-more\">Continue Reading<\/a><\/p>\n","protected":false},"author":1,"featured_media":0,"parent":413,"menu_order":0,"comment_status":"open","ping_status":"open","template":"page-fullwidth.php","meta":{"footnotes":""},"class_list":["post-2694","page","type-page","status-publish","hentry"],"_links":{"self":[{"href":"https:\/\/lmdesigns.com.br\/site\/wp-json\/wp\/v2\/pages\/2694","targetHints":{"allow":["GET"]}}],"collection":[{"href":"https:\/\/lmdesigns.com.br\/site\/wp-json\/wp\/v2\/pages"}],"about":[{"href":"https:\/\/lmdesigns.com.br\/site\/wp-json\/wp\/v2\/types\/page"}],"author":[{"embeddable":true,"href":"https:\/\/lmdesigns.com.br\/site\/wp-json\/wp\/v2\/users\/1"}],"replies":[{"embeddable":true,"href":"https:\/\/lmdesigns.com.br\/site\/wp-json\/wp\/v2\/comments?post=2694"}],"version-history":[{"count":0,"href":"https:\/\/lmdesigns.com.br\/site\/wp-json\/wp\/v2\/pages\/2694\/revisions"}],"up":[{"embeddable":true,"href":"https:\/\/lmdesigns.com.br\/site\/wp-json\/wp\/v2\/pages\/413"}],"wp:attachment":[{"href":"https:\/\/lmdesigns.com.br\/site\/wp-json\/wp\/v2\/media?parent=2694"}],"curies":[{"name":"wp","href":"https:\/\/api.w.org\/{rel}","templated":true}]}}