{"id":3536,"date":"2015-03-20T17:13:04","date_gmt":"2015-03-20T20:13:04","guid":{"rendered":"https:\/\/lmdesigns.com.br\/site\/?page_id=3536"},"modified":"2020-07-21T16:32:35","modified_gmt":"2020-07-21T19:32:35","slug":"aviso-legal","status":"publish","type":"page","link":"https:\/\/lmdesigns.com.br\/site\/aviso-legal\/","title":{"rendered":"Aviso Legal"},"content":{"rendered":"<h2><strong>AVISO LEGAL<\/strong><\/h2>\n<p><span style=\"font-size: small;\">A LM DESIGNS, atrav\u00e9s de seus profissionais, ao abordar quest\u00f5es financeiras como exemplo, de qualquer um dos seus servi\u00e7os, seja atrav\u00e9s de uma consultoria ou em v\u00eddeos de palestras online, cursos, programas ou outros conte\u00fados, fazemos todos os esfor\u00e7os para garantir que estas representem fielmente os objetivos almejados e sua capacidade de realiz\u00e1-los, sendo assim, para obter resultados esperados de crescimento para o seu neg\u00f3cio e carreira. No entanto, a LM DESIGNS n\u00e3o se responsabiliza por erros ou omiss\u00f5es na aplicabilidade do conhecimento adquirido, nem pelos seus resultados ou ganhos de algum dinheiro utilizando qualquer uma de nossas ideias, ferramentas, estrat\u00e9gias e recomenda\u00e7\u00f5es e, ainda, nada em nossos materiais (sites ou doc\/pdf) \u00e9 uma promessa ou garantia para voc\u00ea de ganhos futuros.<\/span><\/p>\n<p><span style=\"font-size: small;\">As informa\u00e7\u00f5es contidas no blog destinam apenas a orienta\u00e7\u00e3o de car\u00e1ter geral sobre temas de seu interesse, dispon\u00edveis atrav\u00e9s de v\u00e1rias categorias. Tanto os dados, como as informa\u00e7\u00f5es contidas nele, quando de terceiros, buscamos sempre nos resguardar que sejam de fontes seguras.<\/span><\/p>\n<p><span style=\"font-size: small;\">Qualquer inscri\u00e7\u00e3o realizada atrav\u00e9s do Registro\/Cadastro no \u201csite LM DESIGNS\u201d, em Campanhas e Promo\u00e7\u00f5es em p\u00e1ginas pertencentes \u00e0 LM DESIGNS e\/ou relacionadas que tenham como destino a mesma, bem como das compras dos servi\u00e7os atrav\u00e9s da nossa <a href=\"https:\/\/www.freebiz.com.br\/vendedor\/lmdesigns\/\" target=\"_blank\" rel=\"noopener noreferrer\">loja LM Designs<\/a> no marketplace FreeBiz devem cumprir o \u201cTermo de Uso\" do site.<\/span><\/p>\n<p><span style=\"font-size: small;\">A presta\u00e7\u00e3o de qualquer um de nossos servi\u00e7os seguem as cl\u00e1usulas do Contrato de Presta\u00e7\u00e3o de Servi\u00e7os LM Designs.<\/span><\/p>\n<p><span style=\"font-size: small;\">VOC\u00ca CONCORDA QUE O USO OU INCAPACIDADE DE USO DOS SERVI\u00c7OS E PRODUTOS LM DESIGNS \u00c9 POR SUA CONTA E RISCO. Ao adquirir um servi\u00e7o ou produto da nossa empresa, voc\u00ea aceita, concorda e entende que voc\u00ea \u00e9 totalmente respons\u00e1vel por seu progresso e resultados de sua participa\u00e7\u00e3o, e que n\u00f3s n\u00e3o oferecemos nenhuma representa\u00e7\u00e3o, garantia ou garantias verbalmente ou por escrito sobre seus ganhos, o lucro do neg\u00f3cio, o desempenho do marketing, o crescimento da audi\u00eancia, retorno de investimento ou resultados de qualquer tipo.<\/span><\/p>\n<p><span style=\"font-size: small;\">Voc\u00ea \u00e9 o \u00fanico respons\u00e1vel por suas a\u00e7\u00f5es e resultados aplicados na sua vida pessoal e nos seus neg\u00f3cios que dependem de fatores pessoais, incluindo, mas n\u00e3o necessariamente limitado a, sua habilidade, conhecimento, dedica\u00e7\u00e3o, conhecimento de neg\u00f3cios, rede e situa\u00e7\u00e3o financeira, para citar apenas alguns. Voc\u00ea tamb\u00e9m entende que qualquer depoimento ou aprova\u00e7\u00f5es emitidas por nossos clientes ou p\u00fablico em geral representado em nossos programas, sites, blog, conte\u00fado, p\u00e1ginas de destino, redes sociais, p\u00e1ginas de vendas ou ofertas n\u00e3o foram avaliadas cientificamente por n\u00f3s e os resultados experimentados pelos indiv\u00edduos podem variar significativamente.<\/span><\/p>\n<p><span style=\"font-size: small;\">Quaisquer declara\u00e7\u00f5es descritas nos nossos \u201csites\u201d, blog, programas, conte\u00fados e ofertas s\u00e3o simplesmente nossa opini\u00e3o e, portanto, n\u00e3o s\u00e3o garantias ou promessas de desempenho real. N\u00f3s n\u00e3o oferecemos assessoria jur\u00eddica, m\u00e9dica, psicol\u00f3gica ou financeira profissional.<\/span><\/p>\n<p><span style=\"font-size: small;\"><strong>MARCAS REGISTRADAS<\/strong><\/span><\/p>\n<p><span style=\"font-size: small;\">As marcas, logos e logomarcas presentes no site LM DESIGNS s\u00e3o propriedade da LM DESIGNS ou da parte que as disponibilizou, portanto a(s) parte(s) det\u00e9m todos seus direitos reservados.<\/span><\/p>\n<p>--------------<\/p>\n","protected":false},"excerpt":{"rendered":"<p>AVISO LEGAL A LM DESIGNS, atrav\u00e9s de seus profissionais, ao abordar quest\u00f5es financeiras como exemplo, de qualquer um dos seus servi\u00e7os, seja atrav\u00e9s de uma consultoria ou em v\u00eddeos de palestras online, cursos, programas ou outros conte\u00fados, fazemos todos os esfor\u00e7os para garantir que estas representem fielmente os objetivos almejados e sua capacidade de realiz\u00e1-los, sendo assim, para obter resultados&nbsp;<a href=\"https:\/\/lmdesigns.com.br\/site\/aviso-legal\/\" class=\"read-more\">Continue Reading<\/a><\/p>\n","protected":false},"author":1,"featured_media":0,"parent":0,"menu_order":0,"comment_status":"closed","ping_status":"closed","template":"page-fullwidth.php","meta":{"footnotes":""},"class_list":["post-3536","page","type-page","status-publish","hentry"],"_links":{"self":[{"href":"https:\/\/lmdesigns.com.br\/site\/wp-json\/wp\/v2\/pages\/3536","targetHints":{"allow":["GET"]}}],"collection":[{"href":"https:\/\/lmdesigns.com.br\/site\/wp-json\/wp\/v2\/pages"}],"about":[{"href":"https:\/\/lmdesigns.com.br\/site\/wp-json\/wp\/v2\/types\/page"}],"author":[{"embeddable":true,"href":"https:\/\/lmdesigns.com.br\/site\/wp-json\/wp\/v2\/users\/1"}],"replies":[{"embeddable":true,"href":"https:\/\/lmdesigns.com.br\/site\/wp-json\/wp\/v2\/comments?post=3536"}],"version-history":[{"count":0,"href":"https:\/\/lmdesigns.com.br\/site\/wp-json\/wp\/v2\/pages\/3536\/revisions"}],"wp:attachment":[{"href":"https:\/\/lmdesigns.com.br\/site\/wp-json\/wp\/v2\/media?parent=3536"}],"curies":[{"name":"wp","href":"https:\/\/api.w.org\/{rel}","templated":true}]}}