{"id":3549,"date":"2015-03-20T18:01:28","date_gmt":"2015-03-20T21:01:28","guid":{"rendered":"https:\/\/lmdesigns.com.br\/site\/?page_id=3549"},"modified":"2015-03-20T18:10:42","modified_gmt":"2015-03-20T21:10:42","slug":"politica-de-privacidade","status":"publish","type":"page","link":"https:\/\/lmdesigns.com.br\/site\/politica-de-privacidade\/","title":{"rendered":"Pol\u00edtica de Privacidade"},"content":{"rendered":"<h2><strong>Pol\u00edtica de Privacidade LM DESIGNS<\/strong><\/h2>\n<p><span style=\"font-size: small;\">Nosso compromisso \u00e9 proteger a privacidade dos usu\u00e1rios do site LM DESIGNS. Pensando na import\u00e2ncia e preocupa\u00e7\u00e3o dos seus usu\u00e1rios em saber como vamos lidar com suas informa\u00e7\u00f5es pessoais na rede, apresentamos aqui nossa pol\u00edtica de privacidade e seguran\u00e7a.<\/span><\/p>\n<p><span style=\"font-size: small;\">O intuito deste documento \u00e9 esclarecer quais informa\u00e7\u00f5es s\u00e3o coletadas dos usu\u00e1rios de nosso site, seus respectivos servi\u00e7os, e de que forma esses dados s\u00e3o manipulados e utilizados.<br \/>\nAlertamos que se voc\u00ea n\u00e3o concorda com o conte\u00fado desta pol\u00edtica, n\u00e3o \u00e9 recomend\u00e1vel participar das nossas promo\u00e7\u00f5es e nem utilizar quaisquer de nossos servi\u00e7os.<br \/>\nAs regras e pol\u00edticas aqui mencionadas visam um consenso m\u00fatuo de como voc\u00ea consente em nos informar, da coleta das informa\u00e7\u00f5es, de seu uso, da altera\u00e7\u00e3o de cadastro, da seguran\u00e7a, e armazenagem destas informa\u00e7\u00f5es.<\/span><\/p>\n<p><span style=\"font-size: small;\">Ao utilizar dos nossos servi\u00e7os, voc\u00ea consente que a LM DESIGNS possa coletar e usar estas informa\u00e7\u00f5es, conforme a pol\u00edtica em vigor no momento. Caso seja decidido alterar\/mudar estas regras, tais mudan\u00e7as estar\u00e3o postadas no site, para que voc\u00ea possa v\u00ea-las, acess\u00e1-las e, assim, compreender nossa pol\u00edtica.<\/span><\/p>\n<p><span style=\"font-size: small;\"><strong>Tipos de Informa\u00e7\u00f5es Coletadas<\/strong><\/span><\/p>\n<p><span style=\"font-size: small;\">Coletamos dados pessoais quando voc\u00ea se fala conosco, participa de alguma campanha ou promo\u00e7\u00e3o, quando baixa algum material dispon\u00edvel para download ou quando solicita um de nossos servi\u00e7os. Todos os dados fornecidos s\u00e3o de uso \u00fanico e exclusivo de nossa rela\u00e7\u00e3o com voc\u00ea para que possamos assim, atend\u00ea-lo corretamente.<\/span><\/p>\n<p><span style=\"font-size: small;\">Informa\u00e7\u00f5es de navega\u00e7\u00e3o no site \u2013 quando voc\u00ea visita nosso site, \u00e9 inserido um \u2018cookie\u2019 no seu navegador por meio do software Google Analytics, para identificar quantas vezes voc\u00ea retorna ao nosso endere\u00e7o. S\u00e3o coletadas, anonimamente, informa\u00e7\u00f5es, como endere\u00e7o IP, localiza\u00e7\u00e3o geogr\u00e1fica, fonte de refer\u00eancia, tipo de navegador, dura\u00e7\u00e3o da visita e p\u00e1ginas visitadas.<\/span><\/p>\n<p><span style=\"font-size: small;\">A LM DESIGNS n\u00e3o coleta informa\u00e7\u00f5es sobre a sa\u00fade do indiv\u00edduo, vida sexual, sua origem racial ou \u00e9tnica, suas opini\u00f5es pol\u00edticas, cren\u00e7as religiosas ou filos\u00f3ficas e filia\u00e7\u00e3o sindical. Se futuramente viermos a solicitar tais informa\u00e7\u00f5es, avisaremos voc\u00ea antecipadamente para que possa optar por fornec\u00ea-las ou n\u00e3o.<\/span><\/p>\n<p><span style=\"font-size: small;\"><strong>Compartilhamento e uso das Informa\u00e7\u00f5es<\/strong><\/span><\/p>\n<p><span style=\"font-size: small;\">O e-mail \u00e9 utilizado para o envio de informa\u00e7\u00f5es por voc\u00ea requisitadas no preenchimento do formul\u00e1rio de or\u00e7amento de um de nossos servi\u00e7os. Tamb\u00e9m pode ser usado para envio de newsletters, sempre relacionadas basicamente \u00e0 \u00e1rea de Tecnologia e Marketing.<\/span><\/p>\n<p><span style=\"font-size: small;\">Ele tamb\u00e9m ser\u00e1 utilizado ainda para comunicar o lan\u00e7amento de novos servi\u00e7os e\/ou produtos, bem como das promo\u00e7\u00f5es da LM DESIGNS e seus parceiros. No entanto, o usu\u00e1rio pode cancelar a assinatura a qualquer momento.<\/span><\/p>\n<p><span style=\"font-size: small;\">Os dados de download poder\u00e3o ser divulgados como pesquisas e estat\u00edsticas, n\u00e3o sendo revelada abertamente nenhuma informa\u00e7\u00e3o pessoal, a menos que autorizada explicitamente.<br \/>\nFuncion\u00e1rios da LM DESIGNS poder\u00e3o eventualmente entrar em contato via e-mail ou telefone para fazer pesquisas ou apresentar produtos e\/ou servi\u00e7os.<br \/>\nSuas informa\u00e7\u00f5es pessoais ser\u00e3o compartilhadas com nossos parceiros apenas quando a parceria estiver expl\u00edcita na p\u00e1gina onde consta o formul\u00e1rio para o recebimento de conte\u00fado educativo.<\/span><\/p>\n<p><span style=\"font-size: small;\"><strong>Do acesso \u00e0s suas informa\u00e7\u00f5es pessoais<\/strong><\/span><\/p>\n<p><span style=\"font-size: small;\">Poder\u00e3o ver suas informa\u00e7\u00f5es pessoais apenas funcion\u00e1rios da LM DESIGNS. Eventualmente, caso a inser\u00e7\u00e3o de suas informa\u00e7\u00f5es se d\u00ea em a\u00e7\u00f5es criadas em parcerias, os parceiros explicitamente identificados tamb\u00e9m ter\u00e3o acesso \u00e0 informa\u00e7\u00e3o.\u00a0 Nenhuma informa\u00e7\u00e3o pessoal poder\u00e1 ser divulgada publicamente.<\/span><\/p>\n<p><span style=\"font-size: small;\">A LM DESIGNS tamb\u00e9m se compromete a n\u00e3o vender, alugar ou repassar suas informa\u00e7\u00f5es para terceiros. A \u00fanica exce\u00e7\u00e3o est\u00e1 em casos em que essas informa\u00e7\u00f5es forem exigidas judicialmente.<\/span><\/p>\n<p><span style=\"font-size: small;\"><strong>Do compartilhamento de conte\u00fado nas redes sociais<\/strong><\/span><\/p>\n<p><span style=\"font-size: small;\">Ao clicar nos bot\u00f5es de compartilhamento de conte\u00fado nas m\u00eddias sociais, quando dispon\u00edveis em nossas p\u00e1ginas, o usu\u00e1rio estar\u00e1 publicando o conte\u00fado por meio de seu perfil na rede selecionada. A LM DESIGNS n\u00e3o t\u00eam acesso ao login e senha dos usu\u00e1rios nessas redes, nem publicar\u00e1 conte\u00fado em nome do usu\u00e1rio sem que ele realize esta a\u00e7\u00e3o.<\/span><\/p>\n<p><span style=\"font-size: small;\">O mesmo princ\u00edpio vale para a obten\u00e7\u00e3o de materiais educativos por meio da op\u00e7\u00e3o \u201cPagamento Social\u201d, ou seja, obter algum benef\u00edcio oferecido pela LM DESIGNS em troca do compartilhamento do mesmo nas redes sociais.<\/span><\/p>\n<p><span style=\"font-size: small;\"><strong>Seguran\u00e7a e Garantia<\/strong><\/span><\/p>\n<p><span style=\"font-size: small;\">A LM DESIGNS protege os dados pessoais de seus clientes e amigos cadastrados contra perda, abuso e divulga\u00e7\u00e3o n\u00e3o autorizada.<br \/>\nAl\u00e9m disso, embora trabalhemos com boas pr\u00e1ticas de prote\u00e7\u00e3o e seguran\u00e7a, nenhum servi\u00e7o web possui 100% de garantia contra invas\u00f5es e n\u00e3o podemos nos responsabilizar caso isso ocorra.<\/span><\/p>\n<p><span style=\"font-size: small;\"><strong>Informes Publicit\u00e1rios e Newsletters<\/strong><\/span><\/p>\n<p><span style=\"font-size: small;\">Periodicamente a LM DESIGNS envia informes publicit\u00e1rios e newsletters (revista eletr\u00f4nica) por e-mail a todos os seus cadastrados, com grandes ofertas de produtos e\/ou servi\u00e7os, promo\u00e7\u00f5es e novidades em nosso site. Embora o recebimento dos mesmos seja opcional, cremos que eles o auxiliar\u00e3o grandemente a tirar o maior proveito dos acontecimentos na LM DESIGNS. Ao se cadastrar, voc\u00ea estar\u00e1 aceitando receber tais informa\u00e7\u00f5es. Caso queira cancelar o recebimento, voc\u00ea poder\u00e1 faz\u00ea-lo a qualquer tempo, enviando-nos um e-mail para \"fale@lmdesigns.com.br\" ou no rodap\u00e9 do pr\u00f3prio corpo do e-mail recebido, onde consta tal informa\u00e7\u00e3o.<\/span><\/p>\n<p><span style=\"font-size: small;\"><strong>Links a Outros Sites<\/strong><\/span><\/p>\n<p><span style=\"font-size: small;\">O site LM DESIGNS possui muitos links (acessos) a sites de terceiros. Estes sites d\u00e3o informa\u00e7\u00f5es adicionais, incluindo materiais de apoio, outros produtos e servi\u00e7os que tornar\u00e3o sua experi\u00eancia mais ben\u00e9fica.<\/span><\/p>\n<p><span style=\"font-size: small;\">Voc\u00ea tamb\u00e9m poder\u00e1 acessar a LM DESIGNS atrav\u00e9s de sites de parceiros (quando assim houver) ou simplesmente ir direto a www.lmdesigns.com.br. Cada um destes sites tem pol\u00edticas de privacidade separadas e independentes. Qualquer informa\u00e7\u00e3o dada a qualquer um destes sites estar\u00e1 debaixo das regras e termos que governam o site espec\u00edfico. A LM DESIGNS n\u00e3o se responsabiliza por qualquer a\u00e7\u00e3o ou pol\u00edtica independente destes sites e pelo conte\u00fado ou pr\u00e1tica de privacidade dos mesmos.<\/span><\/p>\n<p><span style=\"font-size: small;\">A LM DESIGNS n\u00e3o faz ou tem a inten\u00e7\u00e3o de fazer, qualquer tipo de parceria com sites que divulguem qualquer material, imagem ou conte\u00fado que:<\/span><\/p>\n<p><span style=\"font-size: small;\">@ promova qualquer material difamat\u00f3rio e\/ou pornogr\u00e1fico.<br \/>\n@ promova qualquer forma de viol\u00eancia.<br \/>\n@ promova discrimina\u00e7\u00e3o racial, sexual, social, religiosa, por idade ou por nacionalidade.<br \/>\n@ viole direitos autorais ou de propriedade intelectual.<br \/>\n@ promova atividades ilegais.<\/span><\/p>\n<p><span style=\"font-size: small;\"><strong>Sobre o cancelamento da assinatura e altera\u00e7\u00e3o\/exclus\u00e3o de informa\u00e7\u00f5es pessoais<\/strong><\/span><\/p>\n<p><span style=\"font-size: small;\">Voc\u00ea pode optar por n\u00e3o receber mais qualquer tipo de e-mail da LM DESIGNS.<br \/>\nEm todos os e-mails que enviamos h\u00e1 sempre um link para cancelar a assinatura dispon\u00edvel no rodap\u00e9 das mensagens. Ao clicar nesse link voc\u00ea ser\u00e1 automaticamente descadastrado da lista.<br \/>\n\u00c9 importante mencionar que ao preencher qualquer formul\u00e1rio novamente ficar\u00e1 caracterizada a reinser\u00e7\u00e3o do seu e-mail \u00e0 lista. Portanto, a requisi\u00e7\u00e3o de cancelamento deve ser feita novamente caso seja de seu interesse.<br \/>\nPara alterar suas informa\u00e7\u00f5es pessoais ou mesmo exclu\u00ed-las do nosso banco de dados, basta enviar um e-mail para \u201cfale@lmdesigns.com.br\u201d.<\/span><\/p>\n<p><span style=\"font-size: small;\"><strong>Altera\u00e7\u00f5es da Pol\u00edtica de Privacidade<\/strong><\/span><\/p>\n<p><span style=\"font-size: small;\">Recomendamos que voc\u00ea visite esta p\u00e1gina esporadicamente para verificar se houve alguma modifica\u00e7\u00e3o na pol\u00edtica de privacidade. Se ao estiver ciente de tal modifica\u00e7\u00e3o voc\u00ea n\u00e3o quiser que seus dados pessoais sejam utilizados por n\u00f3s ou por terceiros, voc\u00ea poder\u00e1 solicitar sua exclus\u00e3o do cadastro enviando um e-mail para: \"fale@lmdesigns.com.br\" - que desativar\u00e1 seus dados pessoais de nossos registros.<\/span><\/p>\n<p><span style=\"font-size: small;\"><strong>Contato com a LM DESIGNS para esclarecimento de d\u00favidas<\/strong><\/span><\/p>\n<p><span style=\"font-size: small;\">Caso voc\u00ea ainda tenha perguntas, preocupa\u00e7\u00f5es ou reclama\u00e7\u00f5es relativas \u00e0 Pol\u00edtica de Privacidade da LM DESIGNS ou suas pr\u00e1ticas na \u00e1rea de atua\u00e7\u00e3o, envie-as para: \u201cfale@lmdesigns.com.br\u201d.<\/span><\/p>\n<p>-----------------------<\/p>\n","protected":false},"excerpt":{"rendered":"<p>Pol\u00edtica de Privacidade LM DESIGNS Nosso compromisso \u00e9 proteger a privacidade dos usu\u00e1rios do site LM DESIGNS. Pensando na import\u00e2ncia e preocupa\u00e7\u00e3o dos seus usu\u00e1rios em saber como vamos lidar com suas informa\u00e7\u00f5es pessoais na rede, apresentamos aqui nossa pol\u00edtica de privacidade e seguran\u00e7a. O intuito deste documento \u00e9 esclarecer quais informa\u00e7\u00f5es s\u00e3o coletadas dos usu\u00e1rios de nosso site, seus&nbsp;<a href=\"https:\/\/lmdesigns.com.br\/site\/politica-de-privacidade\/\" class=\"read-more\">Continue Reading<\/a><\/p>\n","protected":false},"author":1,"featured_media":0,"parent":0,"menu_order":0,"comment_status":"open","ping_status":"open","template":"page-fullwidth.php","meta":{"footnotes":""},"class_list":["post-3549","page","type-page","status-publish","hentry"],"_links":{"self":[{"href":"https:\/\/lmdesigns.com.br\/site\/wp-json\/wp\/v2\/pages\/3549","targetHints":{"allow":["GET"]}}],"collection":[{"href":"https:\/\/lmdesigns.com.br\/site\/wp-json\/wp\/v2\/pages"}],"about":[{"href":"https:\/\/lmdesigns.com.br\/site\/wp-json\/wp\/v2\/types\/page"}],"author":[{"embeddable":true,"href":"https:\/\/lmdesigns.com.br\/site\/wp-json\/wp\/v2\/users\/1"}],"replies":[{"embeddable":true,"href":"https:\/\/lmdesigns.com.br\/site\/wp-json\/wp\/v2\/comments?post=3549"}],"version-history":[{"count":0,"href":"https:\/\/lmdesigns.com.br\/site\/wp-json\/wp\/v2\/pages\/3549\/revisions"}],"wp:attachment":[{"href":"https:\/\/lmdesigns.com.br\/site\/wp-json\/wp\/v2\/media?parent=3549"}],"curies":[{"name":"wp","href":"https:\/\/api.w.org\/{rel}","templated":true}]}}