{"id":3554,"date":"2015-04-28T22:59:52","date_gmt":"2015-04-29T01:59:52","guid":{"rendered":"https:\/\/lmdesigns.com.br\/site\/?page_id=3554"},"modified":"2022-09-13T16:33:12","modified_gmt":"2022-09-13T19:33:12","slug":"termo-de-uso","status":"publish","type":"page","link":"https:\/\/lmdesigns.com.br\/site\/termo-de-uso\/","title":{"rendered":"Termo de Uso"},"content":{"rendered":"<h2><strong>TERMO DE USO DO SITE LMDESIGNS<\/strong><\/h2>\n<h2><strong style=\"font-size: 16px;\">1. GERAL E ACEITA\u00c7\u00c3O<\/strong><\/h2>\n<p>AO USAR E\/VISITAR O WEBSITE WWW.LMDESIGNS.COM.BR E\/OU QUALQUER SUBDOM\u00cdNIO (conforme definido abaixo; coletivamente, incluindo todo o Conte\u00fado dispon\u00edvel), que pertence, \u00e9 mantido e operado pela LM Designs, e ao USAR QUALQUER UM DOS SERVI\u00c7OS PRESTADOS NO SITE (como definido abaixo), VOC\u00ca INDICA SUA CONCORD\u00c2NCIA COM O TERMO E AS CONDI\u00c7\u00d5ES (o \"Termo de Uso\" ou \"Acordo\") E COM O TERMO E CONDI\u00c7\u00d5ES DA POL\u00cdTICA DE PRIVACIDADE DA LM DESIGNS, QUE S\u00c3O PUBLICADOS NO ENDERE\u00c7O https:\/\/www.lmdesigns.com.br, E QUE EST\u00c3O INCORPORADOS NESTE DOCUMENTO POR REFER\u00caNCIA. Se voc\u00ea n\u00e3o concordar com algum dos itens desse termo, por favor, n\u00e3o use este site.<\/p>\n<p>O Termo de Uso constitui um acordo legal vinculativo entre o usu\u00e1rio (\"voc\u00ea\") e a LM Designs.<\/p>\n<p>Para fins deste Termo de Uso, um \"SUBDOM\u00cdNIO\" ou outro(s) (DOM\u00cdNIO(S)) de propriedade da LM DESIGNS dever\u00e1 ser considerado como qualquer website que seja parte da oferta de servi\u00e7os da LM DESIGNS e a qual se refere este Termo de Uso. Este Acordo de Termo de Uso estabelece o termo legalmente vinculante para o uso que voc\u00ea fizer dos servi\u00e7os e ele se aplicar\u00e1 a todos os usu\u00e1rios. Ao utilizar os servi\u00e7os da LM Designs, voc\u00ea concorda em respeitar este Acordo. Voc\u00ea s\u00f3 tem autoriza\u00e7\u00e3o de usar os servi\u00e7os (independentemente de seu acesso ou uso for intencional) se concordar em cumprir todas as leis aplic\u00e1veis e o presente Acordo. FAVOR LER CUIDADOSAMENTE ESTE DOCUMENTO. SE N\u00c3O CONCORDAR COM ELE VOC\u00ca DEVE SAIR DO WEBSITE DA LM DESIGNS E INTERROMPER O USO DOS SEUS SERVI\u00c7OS IMEDIATAMENTE. SE VOC\u00ca DESEJA FAZER USO DOS SERVI\u00c7OS, VOC\u00ca DEVE LER ESTE ACORDO E INDICAR SUA ACEITA\u00c7\u00c3O DURANTE O PROCESSO DE REGISTRO, QUANDO FOR NECESS\u00c1RIO. A fim de participar de certos servi\u00e7os, voc\u00ea poder\u00e1 ser notificado de que \u00e9 obrigado a concordar com o termo e condi\u00e7\u00f5es adicionais. Salvo disposi\u00e7\u00e3o em contr\u00e1rio estabelecida pelo termo e condi\u00e7\u00f5es adicionais aplic\u00e1veis aos servi\u00e7os dos quais voc\u00ea optou em participar, esse termo adicional ser\u00e1 incorporado no presente Acordo como parte integrante dele. A LM DESIGNS pode modificar este Acordo de tempos em tempos, e essa modifica\u00e7\u00e3o entrar\u00e1 em vigor quando da publica\u00e7\u00e3o no site. Voc\u00ea concorda em respeitar todas as mudan\u00e7as neste Acordo quando usar os servi\u00e7os depois que essa modifica\u00e7\u00e3o for publicada. Portanto, \u00e9 importante que voc\u00ea analise este Acordo regularmente para garantir que esteja atualizado em rela\u00e7\u00e3o a essas mudan\u00e7as.<\/p>\n<p><strong>2. ELEGIBILIDADE<\/strong><\/p>\n<p>O uso e a associa\u00e7\u00e3o nos servi\u00e7os s\u00e3o nulos onde forem proibidas. Ao utilizar os servi\u00e7os da LM DESIGNS, voc\u00ea declara e garante que: (a) todas as informa\u00e7\u00f5es de registro que voc\u00ea enviar s\u00e3o verdadeiras e precisas; (b) voc\u00ea manter\u00e1 a precis\u00e3o dessas informa\u00e7\u00f5es; (c) voc\u00ea tem 18 anos ou mais de idade; e (d) o uso que voc\u00ea fizer dos servi\u00e7os n\u00e3o viola nenhuma lei ou regulamento aplic\u00e1vel. Seu perfil pode ser exclu\u00eddo e sua associa\u00e7\u00e3o pode ser rescindida sem aviso pr\u00e9vio, se constatarmos que voc\u00ea tem menos de 18 anos de idade.<\/p>\n<p>Os menores de idade n\u00e3o t\u00eam permiss\u00e3o de adquirir nenhum dos servi\u00e7os. Da mesma forma, ao comprar os demais servi\u00e7os pagos, o usu\u00e1rio declara e afirma que ele tem mais de 18 anos de idade e que ele tem plena capacidade jur\u00eddica para responder a qualquer a\u00e7\u00e3o contratual, sem necessidade de aprova\u00e7\u00f5es ou consentimentos adicionais.<\/p>\n<p><strong>3. SERVI\u00c7OS PRESTADOS<\/strong><\/p>\n<p>Sujeito \u00e0 total conformidade com o Termo deste Acordo de Uso, a LM DESIGNS deve prestar determinados servi\u00e7os, como descritos mais detalhadamente no site, em \"Servi\u00e7os\", como:<\/p>\n<ol>\n<li>Cria\u00e7\u00e3o e desenvolvimento de sites, lojas, blogs, sistemas, aplicativos, entre outros.<\/li>\n<li>Assinatura de servi\u00e7os como sistemas e hospedagem de sites em geral.<\/li>\n<li>Cria\u00e7\u00e3o de v\u00eddeo e imagem de arte gr\u00e1fica e digital.<\/li>\n<li>Marketing digital.<\/li>\n<li>Gest\u00e3o de Redes Sociais.<\/li>\n<li>Manuten\u00e7\u00e3o e atualiza\u00e7\u00e3o de sistemas, sites e aplicativos.<\/li>\n<\/ol>\n<p>Vale ressaltar que parte dos servi\u00e7os s\u00e3o fornecidos apenas para Usu\u00e1rios que os solicitam, atrav\u00e9s dos formul\u00e1rios de or\u00e7amento dispon\u00edveis no site da LM DESIGNS e\/ou em seus SUBDOM\u00cdNIOS e, portanto, a LM DESIGNS cobra por eles. Os Servi\u00e7os prestados pela LM DESIGNS s\u00e3o fornecidos de acordo com as disposi\u00e7\u00f5es do presente Acordo e as pol\u00edticas comerciais descritas no CONTRATO DE PRESTA\u00c7\u00c3O DE SERVI\u00c7OS aos CONTRATANTES, uma vez que podem ser alteradas de tempos em tempos, e s\u00e3o incorporadas neste documento por refer\u00eancia e devem ser consideradas parte integrante dele. A LM DESIGNS pode alterar, suspender ou interromper qualquer ou todos os Servi\u00e7os ou qualquer Conte\u00fado por qualquer motivo existente no(s) seu(s) site(s), a qualquer momento, incluindo a disponibilidade de qualquer recurso ou parte do Conte\u00fado a seu exclusivo crit\u00e9rio. A LM DESIGNS tamb\u00e9m pode impor limites em todos ou quaisquer Servi\u00e7os ou restringir seu acesso a partes ou a todos os Servi\u00e7os, sem aviso ou responsabilidade. A LM DESIGNS poder\u00e1 incluir an\u00fancios ou outro conte\u00fado comercial em qualquer produto, imagem ou p\u00e1gina do site LM DESIGNS.<\/p>\n<p><strong>4. DA VENDA DE SERVI\u00c7OS ONLINE<\/strong><\/p>\n<p>A LM Designs, atrav\u00e9s do seu site, de subdom\u00ednios e, ainda, de outros sites (outros dom\u00ednios) que sejam de sua responsabilidade, utiliza da forma de pagamento, atrav\u00e9s de sistemas de gateway (servi\u00e7o de terceiros para cobran\u00e7a online), como PagSeguro (www.pagseguro.com.br) e PayPal (www.paypal.com), sendo estes de grande respaldo e utiliza\u00e7\u00e3o por milhares de usu\u00e1rios ao redor do mundo, por sua seguran\u00e7a, efic\u00e1cia e credibilidade de mercado.<\/p>\n<p>Portanto, voc\u00ea - usu\u00e1rio \u2013 pode vir a utilizar um desses servi\u00e7os de pagamento na venda de alguns de nossos produtos ou servi\u00e7os, onde voc\u00ea ser\u00e1, muitas vezes e n\u00e3o obrigatoriamente, redirecionado a esses sites que possuem seus pr\u00f3prios certificados de seguran\u00e7a (cadeado que aparece ao lado do endere\u00e7o do site), o que implica na seguran\u00e7a dos seus dados fornecidos como nome, e-mail e cart\u00e3o de cr\u00e9dito, tornando sua compra criptografada e totalmente segura.<\/p>\n<p>Sempre que houver esta forma de pagamento haver\u00e1 no rodap\u00e9 do site o logo da empresa de cobran\u00e7a, como tamb\u00e9m as formas de pagamento dispon\u00edveis (cart\u00e3o, boleto, PIX, etc.).<\/p>\n<p><strong>4.1. Das mensalidades dos servi\u00e7os<\/strong><\/p>\n<p>Alguns dos servi\u00e7os prestados pela LM Designs podem ser referentes \u00e0 assinatura mensal, o que ir\u00e1 gerar mensalidades no decorrer dos meses posteriores pelo uso do servi\u00e7o. Portanto, a mesma pode ser enviada atrav\u00e9s de um dos gateways mencionados acima (item 4), salvo quando poder\u00e1 tamb\u00e9m ser cobrado via boleto banc\u00e1rio, atrav\u00e9s da empresa de cobran\u00e7a ASAAS\u00ae (www.asaas.com), em nome da LM Designs \u2013 CNPJ: 22.070.623\/0001-73.<\/p>\n<p>Os servi\u00e7os possuem seus contratos distintos, com todas as condi\u00e7\u00f5es pertinentes descritas e ser\u00e3o enviados, ou apresentados no ato da assinatura, aos seus respectivos assinantes.<\/p>\n<p><strong>\u200b5. CONSIDERA\u00c7\u00d5ES GERAIS<\/strong><\/p>\n<p>Voc\u00ea aceita responsabilidade \u00fanica por todas as suas atividades ao usar o Site, incluindo seu comportamento no site e todo e qualquer conte\u00fado que voc\u00ea queira compartilhar atrav\u00e9s do Site. Voc\u00ea n\u00e3o vai usar os servi\u00e7os da LM DESIGNS para qualquer finalidade ilegal ou n\u00e3o autorizada. Voc\u00ea ser\u00e1 respons\u00e1vel por assegurar que voc\u00ea n\u00e3o viola as leis de sua jurisdi\u00e7\u00e3o, incluindo, sem limita\u00e7\u00e3o, as leis de direitos autorais. Voc\u00ea n\u00e3o vai fazer upload nem transmitir v\u00edrus, worms ou qualquer outro c\u00f3digo destrutivo.<\/p>\n<p><strong>6. O SITE E LINKS<\/strong><\/p>\n<p>O site da LM DESIGNS pode conter conte\u00fado e links de terceiros para sites de terceiros que n\u00e3o perten\u00e7am nem sejam controlados pela LM DESIGNS. Portanto, n\u00e3o tem controle, nem assume nenhuma responsabilidade pelo conte\u00fado, pelas pol\u00edticas de privacidade ou pelas pr\u00e1ticas de qualquer conte\u00fado ou sites de terceiros ou qualquer um dos seus conte\u00fados. Ao utilizar o site voc\u00ea expressamente isenta a LM DESIGNS de toda e qualquer responsabilidade decorrente do uso que fizer de qualquer site de terceiros. Sendo assim, recomendamos que voc\u00ea esteja ciente de que, ao sair do site da LM DESIGNS, leia os termos e condi\u00e7\u00f5es e a pol\u00edtica de privacidade de todos os outros sites que voc\u00ea visitar.<\/p>\n<p><strong>7. ACESSO AO SITE<\/strong><\/p>\n<p>A LM DESIGNS, pelo presente, concede a voc\u00ea permiss\u00e3o para usar o site, conforme definido neste Termo de Uso, desde que:<\/p>\n<ol>\n<li>a) Voc\u00ea n\u00e3o tente alterar nem modificar qualquer parte do Site necess\u00e1ria para utiliz\u00e1-lo.<\/li>\n<li>b) Voc\u00ea respeite o termo e condi\u00e7\u00f5es deste Termo de Servi\u00e7o.<\/li>\n<li>c) Para acessar alguns conte\u00fados e servi\u00e7os gratuitos do site n\u00e3o \u00e9 solicitado nenhum dado e informa\u00e7\u00e3o ao Usu\u00e1rio (como nome, e-mail, entre outros), a n\u00e3o ser quando for solicitar um or\u00e7amento de alguns dos servi\u00e7os dispon\u00edveis, atrav\u00e9s dos formul\u00e1rios correspondentes.<\/li>\n<\/ol>\n<p><strong>7.1 Restri\u00e7\u00f5es ao Uso<\/strong><\/p>\n<p>Voc\u00ea s\u00f3 poder\u00e1 usar este site para prop\u00f3sitos permitidos pela LM DESIGNS. Voc\u00ea n\u00e3o poder\u00e1 us\u00e1-lo com qualquer outro objetivo, especialmente comercial, sem o nosso consentimento pr\u00e9vio. N\u00e3o associe nossas marcas a nenhuma outra. N\u00e3o exponha nosso nome, logotipo, logomarca entre outros, indevidamente e de forma a causar confus\u00e3o.<\/p>\n<p><strong>8. DIREITOS DE PROPRIEDADE INTELECTUAL<\/strong><\/p>\n<p>O Conte\u00fado deste site est\u00e1 sujeito a direitos autorais e outros direitos de propriedade intelectual no \u00e2mbito das conven\u00e7\u00f5es legais internacionais e locais. At\u00e9 onde sabe, a LM DESIGNS usa apenas Conte\u00fado que \u00e9 permitido e autorizado para utiliza\u00e7\u00e3o pelo(s) propriet\u00e1rio(s) dos direitos autorais e de outros direitos de propriedade intelectual aqui estabelecido. O Conte\u00fado do Site \u00e9 fornecido a voc\u00ea apenas como est\u00e1 e n\u00e3o pode ser usado, copiado, reproduzido, distribu\u00eddo, transmitido, difundido, exibido, vendido, licenciado ou de outra forma explorado para quaisquer outros fins, sem o consentimento pr\u00e9vio por escrito dos respectivos propriet\u00e1rios (caso este consentimento seja exigido) (fora de um documento da LM DESIGNS). A LM DESIGNS reserva todos os direitos n\u00e3o expressamente concedidos no e para o Site e para o Conte\u00fado. Voc\u00ea concorda em n\u00e3o participar do uso, da c\u00f3pia ou da distribui\u00e7\u00e3o de qualquer Conte\u00fado que n\u00e3o seja expressamente permitido, obtidos atrav\u00e9s do Site para quaisquer fins comerciais. Voc\u00ea concorda em n\u00e3o fraudar, desativar ou de outra forma interferir nos recursos de seguran\u00e7a do Site LM DESIGNS ou nos recursos que evitam ou restringem o uso ou a c\u00f3pia de qualquer Conte\u00fado, ou imp\u00f5em limita\u00e7\u00f5es sobre o uso do Site LM DESIGNS ou de qualquer Conte\u00fado aqui determinado.<\/p>\n<p><strong>9. SEGURAN\u00c7A<\/strong><\/p>\n<p>Voc\u00ea \u00e9 respons\u00e1vel por manter a seguran\u00e7a da sua conta e conte\u00fado, e \u00e9 totalmente respons\u00e1vel por todas as atividades que ocorram na conta e todas as outras a\u00e7\u00f5es realizadas em conex\u00e3o com ela. Voc\u00ea concorda em notificar imediatamente a LM DESIGNS, por escrito, de qualquer uso n\u00e3o autorizado de sua conta ou quaisquer outras viola\u00e7\u00f5es de seguran\u00e7a. A LM DESIGNS n\u00e3o pode e n\u00e3o ser\u00e1 respons\u00e1vel por qualquer perda ou dano decorrente de sua falha em cumprir esta obriga\u00e7\u00e3o de seguran\u00e7a. Voc\u00ea reconhece e concorda que, sob nenhuma circunst\u00e2ncia, a LM DESIGNS \u00e9 respons\u00e1vel, de qualquer forma, por quaisquer atos ou omiss\u00f5es de qualquer usu\u00e1rio da LM DESIGNS ou de terceiros, incluindo quaisquer danos de qualquer esp\u00e9cie incorridos como resultado de tais atos ou omiss\u00f5es.<\/p>\n<p><strong>10. ISEN\u00c7\u00c3O DE GARANTIA E LIMITA\u00c7\u00c3O DE RESPONSABILIDADE<\/strong><\/p>\n<p>a) VOC\u00ca CONCORDA QUE O USO DO SITE LM DESIGNS SER\u00c1 POR SUA CONTA E RISCO. AO M\u00c1XIMO PERMITIDO POR LEI, A LM DESIGNS, SEUS DIRIGENTES, DIRETORES, FUNCION\u00c1RIOS E AGENTES REJEITAM TODAS AS GARANTIAS, EXPRESSAS OU IMPL\u00cdCITAS, RELACIONADAS COM O SITE E O USO QUE VOC\u00ca FIZER DELE. A LM DESIGNS N\u00c3O FAZ GARANTIAS NEM REPRESENTA\u00c7\u00d5ES REFERENTES \u00c0 PRECIS\u00c3O OU INTEGRALIDADE DO CONTE\u00daDO DESTE SITE OU DO CONTE\u00daDO DE QUAISQUER SITES VINCULADOS A ESTE SITE.<\/p>\n<p>b) EM HIP\u00d3TESE ALGUMA, A LM DESIGNS, SEUS DIRIGENTES, DIRETORES, FUNCION\u00c1RIOS OU AGENTES SER\u00c3O RESPONS\u00c1VEIS POR QUAISQUER DANOS DIRETOS, INDIRETOS, ESPECIAIS, PUNITIVOS OU CONSEQUENTES RESULTANTES DE QUAISQUER: (I) ERROS, ERROS OU IMPERFEI\u00c7\u00d5ES DE CONTE\u00daDO; (II) LES\u00c3O PESSOAL OU DANOS MATERIAIS, DE QUALQUER NATUREZA, RESULTANTE DO SEU ACESSO A E DO USO DE NOSSO SITE; (III) QUALQUER ACESSO OU USO N\u00c3O AUTORIZADOS DE NOSSOS SERVIDORES SEGUROS E\/OU DE TODA E QUALQUER INFORMA\u00c7\u00c3O PESSOAL E\/OU OUTRAS INFORMA\u00c7\u00d5ES NELES ARMAZENADAS; (IV) QUALQUER INTERRUP\u00c7\u00c3O OU ENCERRAMENTO DE TRANSMISS\u00c3O PARA OU DO NOSSO SITE; (IV) QUAISQUER BUGS, V\u00cdRUS, CAVALOS-DE-TROIA OU SEMELHANTES QUE POSSAM SER TRANSMITIDOS PARA OU ATRAV\u00c9S DE NOSSO SITE POR TERCEIROS, E\/OU: (V) QUAISQUER ERROS OU OMISS\u00d5ES EM QUALQUER CONTE\u00daDO OU POR QUALQUER PERDA OU DANOS DE QUALQUER NATUREZA INCORRIDOS COMO RESULTADO DO USO DE QUALQUER CONTE\u00daDO POSTADOR, ENVIADO POR E-MAIL, TRANSMITIDO OU DE OUTRA FORMA DISPONIBILIZADO ATRAV\u00c9S DO SITE. A LIMITA\u00c7\u00c3O DE RESPONSABILIDADE ACIMA DEVER\u00c1 SE APLICAR AT\u00c9 A SUA EXTENS\u00c0O TOTAL PERMITIDA POR LEI NA JURISDI\u00c7\u00c0O APLIC\u00c1VEL.<\/p>\n<p>c) VOC\u00ca ESPECIFICAMENTE CONCORDA QUE A LM DESIGNS N\u00c3O SER\u00c1 RESPONSABILIZADA POR CONTE\u00daDO DIFAMAT\u00d3RIO, OFENSIVO OU ILEGAL DE TERCEIROS E QUE O RISCO DE PREJU\u00cdZOS OU DANOS DO PRECEDENTE REPOUSA INTEIRAMENTE COM VOC\u00ca.<\/p>\n<p>d) A LM DESIGNS N\u00c3O GARANTE, ENDOSSA NEM ASSUME RESPONSABILIDADE POR QUALQUER PRODUTO OU SERVI\u00c7O ANUNCIADO OU OFERECIDO POR TERCEIROS ATRAV\u00c9S DA SUA CONTA OU QUALQUER SITE COM HIPERLINKS, OU APRESENTADO EM QUALQUER BANNER OU OUTROS AN\u00daNCIOS, E A LM DESIGNS N\u00c3O SER\u00c1 UMA PARTE OU DE QUALQUER FORMA SER\u00c1 RESPONS\u00c1VEL PELO MONITORAMENTO DE QUALQUER TRANSA\u00c7\u00c3O REALIZADA ENTRE VOC\u00ca E FORNECEDORES TERCEIRIZADOS DE PRODUTOS OU SERVI\u00c7OS. QUANTO \u00c0 COMPRA DE UM PRODUTO OU SERVI\u00c7O POR QUALQUER MEIO OU EM QUALQUER AMBIENTE, VOC\u00ca DEVE USAR SEU BOM SENSO E TER CAUTELA QUANDO APROPRIADO.<\/p>\n<p><strong>\u200b11. INDENIZA\u00c7\u00c3O<\/strong><\/p>\n<p>Voc\u00ea concorda em defender, indenizar e isentar de responsabilidade a LM DESIGNS, sua controladora, seus dirigentes, diretores, funcion\u00e1rios e agentes, de e contra todas e quaisquer reivindica\u00e7\u00f5es, danos, obriga\u00e7\u00f5es, perdas, responsabilidades, custos ou d\u00edvidas, e despesas (incluindo, sem limita\u00e7\u00e3o, honor\u00e1rios advocat\u00edcios) oriundos de: (i) do uso e do acesso que voc\u00ea fizer da sua conta; (ii) da viola\u00e7\u00e3o de qualquer cl\u00e1usula deste Termo de Uso; (iii) da viola\u00e7\u00e3o de qualquer direito de terceiros, incluindo, sem limita\u00e7\u00e3o, quaisquer direitos autorais, de propriedade ou direito de privacidade; ou (iv) qualquer alega\u00e7\u00e3o de que algum Conte\u00fado do Usu\u00e1rio Registrado feito por voc\u00ea tenha causado danos a terceiros. Tal obriga\u00e7\u00e3o de defesa e indeniza\u00e7\u00e3o subsistir\u00e1 a este Termo de Uso e ao seu uso da sua conta.<\/p>\n<p><strong>12. EVENTOS AL\u00c9M DO CONTROLE <\/strong><\/p>\n<p>Sob nenhuma circunst\u00e2ncia, a LM DESIGNS ser\u00e1 responsabilizada por qualquer atraso ou falha neste site e\/ou qualquer um dos servi\u00e7os e\/ou informa\u00e7\u00f5es no site, direta ou indiretamente resultantes de, decorrentes de, relacionados ou em conex\u00e3o com eventos que est\u00e3o al\u00e9m do controle razo\u00e1vel da LM DESIGNS, incluindo, sem limita\u00e7\u00e3o, falhas na Internet, falhas em equipamentos, falhas de energia el\u00e9trica, greves, disputas trabalhistas, motins, rebeli\u00f5es, desordem civil, falta de m\u00e3o de obra ou de materiais, inc\u00eandios, inunda\u00e7\u00f5es, tempestades, terremotos, explos\u00f5es, atos de Deus, guerra, terrorismo, lutas intergal\u00e1cticas, a\u00e7\u00f5es governamentais, ordens de tribunais, ag\u00eancias ou tribunais ou n\u00e3o execu\u00e7\u00e3o de terceiros. As disposi\u00e7\u00f5es do presente par\u00e1grafo v\u00eam em acr\u00e9scimo a, e n\u00e3o se destinam a limitar ou modificar, o limite da se\u00e7\u00e3o de Limite de Responsabilidade, como estipulado acima.<\/p>\n<p><strong>\u200b13. CESS\u00c3O<\/strong><\/p>\n<p>Esse Termo de Uso e quaisquer direitos e licen\u00e7as aqui concedidas n\u00e3o podem ser transferidos nem cedidos por voc\u00ea, mas podem ser atribu\u00eddos pela LM DESIGNS, sem restri\u00e7\u00f5es ou limita\u00e7\u00f5es.<\/p>\n<p><strong>\u200b14. GERAL<\/strong><\/p>\n<p>Voc\u00ea concorda que: (i) Este Termo de Uso, juntamente com a Pol\u00edtica de Privacidade e quaisquer outros avisos legais publicados pela LM DESIGNS no Site, constituem o acordo completo entre voc\u00ea e a LM DESIGNS em rela\u00e7\u00e3o ao site. Se qualquer disposi\u00e7\u00e3o deste Termo de Uso for considerada inv\u00e1lido por um tribunal de jurisdi\u00e7\u00e3o competente, a invalidade dessa disposi\u00e7\u00e3o n\u00e3o afeta a validade das disposi\u00e7\u00f5es restantes deste Termo de Uso, que dever\u00e3o permanecer em pleno vigor e efeito. Nenhuma isen\u00e7\u00e3o desse Termo de Uso ser\u00e1 considerada uma isen\u00e7\u00e3o adicional ou cont\u00ednua desse termo ou de qualquer outro termo, e a falha da LM DESIGNS de fazer valer qualquer direito ou disposi\u00e7\u00e3o deste Termo de Uso n\u00e3o constituir\u00e1 uma isen\u00e7\u00e3o desse direito ou disposi\u00e7\u00e3o. VOC\u00ca E A LM DESIGNS CONCORDAM QUE QUALQUER CAUSA DE A\u00c7\u00c3O DECORRENTE DE OU RELACIONADA AO SITE LM DESIGNS DEVE COME\u00c7AR DENTRO DE UM ANO (1) AP\u00d3S A CAUSA DA A\u00c7\u00c3O. DO CONTR\u00c1RIO, ESSA CAUSA DE A\u00c7\u00c3O SER\u00c1 PERMANENTEMENTE PROIBIDA. Ao se registrar no site LM DESIGNS e fornecer seu endere\u00e7o de e-mail, voc\u00ea concorda expressamente em receber o conte\u00fado promocional da LM DESIGNS, por correio ou e-mail, de vez em quando. Se voc\u00ea fornecer a LM DESIGNS seu n\u00famero de telefone (em qualquer est\u00e1gio de uso dos Servi\u00e7os), a LM DESIGNS ter\u00e1 o direito de ligar para voc\u00ea ou enviar notifica\u00e7\u00f5es promocionais via SMS de tempos em tempos. Se voc\u00ea n\u00e3o deseja receber notifica\u00e7\u00f5es\/conte\u00fado promocional, voc\u00ea poder\u00e1 notificar a LM DESIGNS ou cancelar a qualquer momento.<\/p>\n<p><strong>\u200b15. CONTATO DE SERVI\u00c7O DO CLIENTE<\/strong><\/p>\n<p>Para entrar em contato com o nosso Atendimento ao Cliente, use qualquer uma das op\u00e7\u00f5es listadas abaixo:<\/p>\n<ol>\n<li>Enviar uma mensagem de e-mail para: \u2018fale@lmdesigns.com.br\u2019 ou<\/li>\n<li>Por WhatsApp: (11) 9.7074-0550 (de segunda \u00e0 sexta-feira, das 9h \u00e0s 17h, hor\u00e1rio de Bras\u00edlia).<\/li>\n<\/ol>\n<p>---------------<\/p>\n<p>\u25ba\u00daltima atualiza\u00e7\u00e3o: 13 de setembro de 2022.<\/p>\n<p>---------------<\/p>\n","protected":false},"excerpt":{"rendered":"<p>TERMO DE USO DO SITE LMDESIGNS 1. GERAL E ACEITA\u00c7\u00c3O AO USAR E\/VISITAR O WEBSITE WWW.LMDESIGNS.COM.BR E\/OU QUALQUER SUBDOM\u00cdNIO (conforme definido abaixo; coletivamente, incluindo todo o Conte\u00fado dispon\u00edvel), que pertence, \u00e9 mantido e operado pela LM Designs, e ao USAR QUALQUER UM DOS SERVI\u00c7OS PRESTADOS NO SITE (como definido abaixo), VOC\u00ca INDICA SUA CONCORD\u00c2NCIA COM O TERMO E AS CONDI\u00c7\u00d5ES&nbsp;<a href=\"https:\/\/lmdesigns.com.br\/site\/termo-de-uso\/\" class=\"read-more\">Continue Reading<\/a><\/p>\n","protected":false},"author":1,"featured_media":0,"parent":0,"menu_order":0,"comment_status":"closed","ping_status":"closed","template":"page-fullwidth.php","meta":{"footnotes":""},"class_list":["post-3554","page","type-page","status-publish","hentry"],"_links":{"self":[{"href":"https:\/\/lmdesigns.com.br\/site\/wp-json\/wp\/v2\/pages\/3554","targetHints":{"allow":["GET"]}}],"collection":[{"href":"https:\/\/lmdesigns.com.br\/site\/wp-json\/wp\/v2\/pages"}],"about":[{"href":"https:\/\/lmdesigns.com.br\/site\/wp-json\/wp\/v2\/types\/page"}],"author":[{"embeddable":true,"href":"https:\/\/lmdesigns.com.br\/site\/wp-json\/wp\/v2\/users\/1"}],"replies":[{"embeddable":true,"href":"https:\/\/lmdesigns.com.br\/site\/wp-json\/wp\/v2\/comments?post=3554"}],"version-history":[{"count":0,"href":"https:\/\/lmdesigns.com.br\/site\/wp-json\/wp\/v2\/pages\/3554\/revisions"}],"wp:attachment":[{"href":"https:\/\/lmdesigns.com.br\/site\/wp-json\/wp\/v2\/media?parent=3554"}],"curies":[{"name":"wp","href":"https:\/\/api.w.org\/{rel}","templated":true}]}}