{"id":413,"date":"2012-05-23T08:42:07","date_gmt":"2012-05-23T11:42:07","guid":{"rendered":"https:\/\/192.168.9.29\/Development\/TB\/?page_id=413"},"modified":"2021-07-14T21:23:16","modified_gmt":"2021-07-15T00:23:16","slug":"marketing-digital","status":"publish","type":"page","link":"https:\/\/lmdesigns.com.br\/site\/servicos\/marketing-digital\/","title":{"rendered":"Marketing Digital"},"content":{"rendered":"<div class=\"row \"><\/div><!-- .row (end) -->\n<h2>Planejamento de Marketing Digital<\/h2>\n<div id=\"attachment_3277\" style=\"width: 310px\" class=\"wp-caption alignleft\"><a href=\"https:\/\/lmdesigns.com.br\/site\/wp-content\/uploads\/2012\/05\/fig-planejamento-de-marketing-lmd.png\" target=\"_blank\" rel=\"noopener\"><img loading=\"lazy\" decoding=\"async\" aria-describedby=\"caption-attachment-3277\" class=\"wp-image-3277 size-medium\" title=\"Planejamento de Marketing Digital 4-4-5 by LM Designs\" src=\"https:\/\/lmdesigns.com.br\/site\/wp-content\/uploads\/2012\/05\/fig-planejamento-de-marketing-lmd-300x278.png\" alt=\"\" width=\"300\" height=\"278\" srcset=\"https:\/\/lmdesigns.com.br\/site\/wp-content\/uploads\/2012\/05\/fig-planejamento-de-marketing-lmd-300x278.png 300w, https:\/\/lmdesigns.com.br\/site\/wp-content\/uploads\/2012\/05\/fig-planejamento-de-marketing-lmd.png 900w\" sizes=\"auto, (max-width: 300px) 100vw, 300px\" \/><\/a><p id=\"caption-attachment-3277\" class=\"wp-caption-text\">Planejamento de Marketing Digital by LM Designs<\/p><\/div>\n<p>&nbsp;<\/p>\n<p><span style=\"font-size: small;\"><strong>O<\/strong> trabalho de consultoria no planejamento do marketing digital \u00e9 desenvolvido para executar seus projetos com as melhores solu\u00e7\u00f5es voltadas para alcan\u00e7ar os objetivos da sua empresa. Este trabalho \u00e9 composto por 4\u00a0fases importantes para que se tenha um retorno satisfat\u00f3rio esperado.<\/span><\/p>\n<p>Um dos primeiros passos \u00e9 fazer uma an\u00e1lise situacional da sua empresa quanto ao marketing digital. A comunica\u00e7\u00e3o \u00e9 essencial e, nesse aspecto, fazer um bom planejamento de a\u00e7\u00f5es de marketing digital s\u00e3o vitais para a sa\u00fade do seu neg\u00f3cio, seja na cria\u00e7\u00e3o e compartilhamento de conte\u00fado, redesign de seu site, criar um blog, aumentar a sua base de leads, criar campanhas online estrat\u00e9gicas nos canais que seu p\u00fablico-alvo se encontra, entre outros.<\/p>\n<p>Outro passo fundamental \u00e9 o processo de relacionamento que voc\u00ea deve criar com eles atrav\u00e9s de email marketing, com materiais relevantes, como dito acima, atrav\u00e9s do marketing de conte\u00fado, levando informa\u00e7\u00e3o e agregando valor aos seus neg\u00f3cios e clientes oferecendo um material de qualidade e que seja percebido. Nesse aspecto, um ferramenta excelente \u00e9 ter um Blog. L\u00e1 voc\u00ea publicar\u00e1 todo esse seu conte\u00fado convidando-os a acessarem frequentemente, criando intera\u00e7\u00e3o e credibilidade. Oferecer v\u00eddeos e e-books tamb\u00e9m s\u00e3o fant\u00e1sticos para esse processo. Enfim, fale com seu p\u00fablico, entregue o melhor e ele nunca mais se esquecer\u00e1 de voc\u00ea\u2026 e ainda ir\u00e1 te indicar!<\/p>\n<p><em>\u201cSer bem sucedido com um blog n\u00e3o \u00e9 escrever um post chave, \u00e9 atuar bem dia ap\u00f3s dia ajudando poucas pessoas de cada vez\u201d Aaron Wall <\/em><\/p>\n<p>A <strong>LM Designs<\/strong> desenvolve um planejamento de marketing digital sob medida (veja o infogr\u00e1fico na figura acima), ou seja, a partir das premissas b\u00e1sicas, ir\u00e1 tamb\u00e9m implementar a\u00e7\u00f5es gradativas e proporcionais ao tamanho do seu neg\u00f3cio.<\/p>\n<a href=\"\/site\/servicos\/marketing-digital\/criacao-e-gerenciamento-de-campanhas-online\/orcamento-para-campanhas-online\/\" title=\"Solicite um Or\u00e7amento\" class=\"btn btn-primary btn-normal btn-inline \" target=\"_self\">Solicite um Or\u00e7amento<\/a><!-- .btn -->\n<p><span style=\"font-size: small;\">Veja abaixo nossas principais ferramentas de gera\u00e7\u00e3o de tr\u00e1fego que podem ser desenvolvidas para as a\u00e7\u00f5es estrat\u00e9gicas:<\/span><\/p>\n<p># <a title=\"Sites e Blogs\" href=\"https:\/\/lmdesigns.com.br\/site\/servicos\/sites-e-blogs\/\">Sites e Blogs.<\/a><br \/>\n# Landing Pages.<br \/>\n# <a title=\"Cria\u00e7\u00e3o e Gerenciamento de Campanhas online\" href=\"https:\/\/lmdesigns.com.br\/site\/servicos\/marketing-digital\/criacao-e-gerenciamento-de-campanhas-online\/\">Cria\u00e7\u00e3o e Gerenciamento de Campanhas on-line.<\/a><br \/>\n# <a href=\"https:\/\/lmdesigns.com.br\/site\/servicos\/marketing-digital\/sistema-email-marketing-multicanal\/\">E-mail marketing.<\/a><br \/>\n# <a title=\"Gerenciamento de Redes Sociais\" href=\"https:\/\/lmdesigns.com.br\/site\/servicos\/redes-sociais\/\">Redes Sociais.<\/a><br \/>\n# <a href=\"https:\/\/lmdesigns.com.br\/site\/produtos\/sistemas-web-prontos\/programa-de-afiliados\/\">Programa de Afiliados.<\/a><br \/>\n# Newsletters, Jornais\/Informativos \u2013 personalizado e\/ou tem\u00e1tico.<br \/>\n# Formul\u00e1rios de Pesquisa e\/ou Enquetes (com base na pesquisa definida).<br \/>\n# Posts para redes sociais.<\/p>\n<p>-----<\/p>\n","protected":false},"excerpt":{"rendered":"<p>Planejamento de Marketing Digital &nbsp; O trabalho de consultoria no planejamento do marketing digital \u00e9 desenvolvido para executar seus projetos com as melhores solu\u00e7\u00f5es voltadas para alcan\u00e7ar os objetivos da sua empresa. Este trabalho \u00e9 composto por 4\u00a0fases importantes para que se tenha um retorno satisfat\u00f3rio esperado. Um dos primeiros passos \u00e9 fazer uma an\u00e1lise situacional da sua empresa quanto&nbsp;<a href=\"https:\/\/lmdesigns.com.br\/site\/servicos\/marketing-digital\/\" class=\"read-more\">Continue Reading<\/a><\/p>\n","protected":false},"author":1,"featured_media":0,"parent":1979,"menu_order":1,"comment_status":"closed","ping_status":"closed","template":"page-fullwidth.php","meta":{"footnotes":""},"class_list":["post-413","page","type-page","status-publish","hentry"],"_links":{"self":[{"href":"https:\/\/lmdesigns.com.br\/site\/wp-json\/wp\/v2\/pages\/413","targetHints":{"allow":["GET"]}}],"collection":[{"href":"https:\/\/lmdesigns.com.br\/site\/wp-json\/wp\/v2\/pages"}],"about":[{"href":"https:\/\/lmdesigns.com.br\/site\/wp-json\/wp\/v2\/types\/page"}],"author":[{"embeddable":true,"href":"https:\/\/lmdesigns.com.br\/site\/wp-json\/wp\/v2\/users\/1"}],"replies":[{"embeddable":true,"href":"https:\/\/lmdesigns.com.br\/site\/wp-json\/wp\/v2\/comments?post=413"}],"version-history":[{"count":0,"href":"https:\/\/lmdesigns.com.br\/site\/wp-json\/wp\/v2\/pages\/413\/revisions"}],"up":[{"embeddable":true,"href":"https:\/\/lmdesigns.com.br\/site\/wp-json\/wp\/v2\/pages\/1979"}],"wp:attachment":[{"href":"https:\/\/lmdesigns.com.br\/site\/wp-json\/wp\/v2\/media?parent=413"}],"curies":[{"name":"wp","href":"https:\/\/api.w.org\/{rel}","templated":true}]}}