{"id":4483,"date":"2017-04-29T20:24:51","date_gmt":"2017-04-29T23:24:51","guid":{"rendered":"https:\/\/lmdesigns.com.br\/site\/?page_id=4483"},"modified":"2022-04-12T18:43:07","modified_gmt":"2022-04-12T21:43:07","slug":"sistema-de-marketing-multinivel-mmn","status":"publish","type":"page","link":"https:\/\/lmdesigns.com.br\/site\/produtos\/sistemas-web-prontos\/sistema-de-marketing-multinivel-mmn\/","title":{"rendered":"Sistema de Marketing Multin\u00edvel &#8211; MMN"},"content":{"rendered":"<h3>Temos a solu\u00e7\u00e3o ideal em sistema de Venda Direta e Marketing Multin\u00edvel MMN pronto para voc\u00ea come\u00e7ar o seu neg\u00f3cio.<\/h3>\n<p><strong>Sistema Pronto<\/strong> - Nossos softwares de rede, ambos sendo uma aplica\u00e7\u00e3o web, rica e poderosa, foram especialmente projetados para neg\u00f3cios de Venda Direta e Marketing Multin\u00edvel-MMN. Os sistemas te permitem come\u00e7ar o seu neg\u00f3cio rapidamente, bastando sua instala\u00e7\u00e3o (em nosso estrutura web), configura\u00e7\u00e3o e personaliza\u00e7\u00e3o, de acordo com seu plano de neg\u00f3cio (plano de compensa\u00e7\u00e3o) - <strong>IMPORTANTE<\/strong>: caso voc\u00ea n\u00e3o tenha um plano pronto, <u>temos modelos prontos de matriz fechada, unilevel e bin\u00e1rio<\/u>, sendo apenas necess\u00e1rio configurar de acordo com seus n\u00fameros pr\u00e9-definidos por voc\u00ea no seu plano.<\/p>\n<p>Estes softwares, automatizam v\u00e1rios aspectos do neg\u00f3cio tornando-o mais f\u00e1cil para que voc\u00ea possa executar um grande neg\u00f3cio com pouca interven\u00e7\u00e3o e menos esfor\u00e7o da administra\u00e7\u00e3o. Eles suportam gateways de pagamento, entre eles, PayPal, PagSeguro, Mercado Pago, PIX, dep\u00f3sito banc\u00e1rio, boleto, RedeCard, Cielo, entre outros. Frete integrado com os Correios ou transportadora (somente no sistema 2), dentre outras op\u00e7\u00f5es como motoboy, frete gr\u00e1tis, etc.<\/p>\n<div class=\"alert alert-danger fade in \"><button type=\"button\" class=\"close\" data-dismiss=\"alert\">&times;<\/button><strong>ATEN\u00c7\u00c3O:<\/strong> Chame-nos agora no WhatsApp - \u00e9 s\u00f3 clicar no bot\u00e3o abaixo, do seu lado direito.<\/div>\n<div class=\"alert alert-success fade in \"><button type=\"button\" class=\"close\" data-dismiss=\"alert\">&times;<\/button><strong>Consultoria:<\/strong> N\u00e3o vendemos s\u00f3 sistemas! Oferecemos tamb\u00e9m consultoria completa para a cria\u00e7\u00e3o do seu projeto.<\/div>\n<p><strong>Destaques de Alguns Recursos dos Sistemas:<\/strong><\/p>\n<p><strong>\u00bb Gest\u00e3o de membros:<\/strong> registro, rastreamento de remessa, pagamento on-line, ativa\u00e7\u00e3o autom\u00e1tica, logs de pagamento de comiss\u00f5es, rela\u00e7\u00e3o de faturas pagas e muito mais.<br \/>\n<strong>\u00bb\u00a0Loja integrada:<\/strong> gerenciamento de pedidos, comiss\u00e3o de vendas, de distribui\u00e7\u00e3o de b\u00f4nus.<br \/>\n<strong>\u00bb\u00a0Escrit\u00f3rio virtual:<\/strong> painel de controle completo para sua rede de associados.<br \/>\n<strong>\u00bb V\u00e1rios formatos de planos:<\/strong> Unilevel, Matrix e Bin\u00e1rio, com at\u00e9 15 n\u00edveis de Comiss\u00e3o.<br \/>\n<strong>\u00bb V\u00e1rios tipos de configura\u00e7\u00e3o de b\u00f4nus<\/strong>, venda direta, indica\u00e7\u00e3o, grupo, vendas, e muito mais.<br \/>\n<strong>\u00bb Visualiza\u00e7\u00e3o de Rede:<\/strong> \u00c1rvore geneal\u00f3gica e gr\u00e1fica.<br \/>\n<strong>\u00bb Site, loja e escrit\u00f3rio virtual responsivo<\/strong>, ou seja, adapt\u00e1vel a todas as plataformas, computador, notebook, tablet e smartphone.<br \/>\n<strong>\u00bb\u00a0A melhor rela\u00e7\u00e3o custo x benef\u00edcio<\/strong> para voc\u00ea iniciar seu neg\u00f3cio com op\u00e7\u00f5es de sistemas completos, a um pre\u00e7o muito acess\u00edvel e configurados para uso rapidamente.<br \/>\n<strong>\u00bb Sistemas de acordo com sua disponibilidade financeira atual.<\/strong> Voc\u00ea finalmente vai implantar o seu neg\u00f3cio!<br \/>\n<strong>\u00bb Entregamos o seu neg\u00f3cio pronto, <\/strong>ou seja, tudo funcionando.<br \/>\n<strong>\u00bb SOLICITE O ACESSO DEMO <a href=\"https:\/\/lmdesigns.com.br\/site\/servicos\/consultoria-em-marketing-multinivel\/orcamento-para-consultoria\/\">AGORA<\/a>!<\/strong><\/p>\n<span class=\"text-highlight\">Temos toda infraestrutura necess\u00e1ria de servidores de alta performance. Fazemos todo o trabalho de instala\u00e7\u00e3o, configura\u00e7\u00e3o, personaliza\u00e7\u00e3o e customiza\u00e7\u00e3o, deixando pronto para uso.<\/span><!-- .highlight (end) -->\n<div class=\"spacer\"><\/div><!-- .spacer (end) -->\n","protected":false},"excerpt":{"rendered":"<p>Temos a solu\u00e7\u00e3o ideal em sistema de Venda Direta e Marketing Multin\u00edvel MMN pronto para voc\u00ea come\u00e7ar o seu neg\u00f3cio. Sistema Pronto - Nossos softwares de rede, ambos sendo uma aplica\u00e7\u00e3o web, rica e poderosa, foram especialmente projetados para neg\u00f3cios de Venda Direta e Marketing Multin\u00edvel-MMN. Os sistemas te permitem come\u00e7ar o seu neg\u00f3cio rapidamente, bastando sua instala\u00e7\u00e3o (em nosso&nbsp;<a href=\"https:\/\/lmdesigns.com.br\/site\/produtos\/sistemas-web-prontos\/sistema-de-marketing-multinivel-mmn\/\" class=\"read-more\">Continue Reading<\/a><\/p>\n","protected":false},"author":1,"featured_media":0,"parent":1278,"menu_order":0,"comment_status":"closed","ping_status":"closed","template":"page-Portfolio2Cols-filterable.php","meta":{"footnotes":""},"class_list":["post-4483","page","type-page","status-publish","hentry"],"_links":{"self":[{"href":"https:\/\/lmdesigns.com.br\/site\/wp-json\/wp\/v2\/pages\/4483","targetHints":{"allow":["GET"]}}],"collection":[{"href":"https:\/\/lmdesigns.com.br\/site\/wp-json\/wp\/v2\/pages"}],"about":[{"href":"https:\/\/lmdesigns.com.br\/site\/wp-json\/wp\/v2\/types\/page"}],"author":[{"embeddable":true,"href":"https:\/\/lmdesigns.com.br\/site\/wp-json\/wp\/v2\/users\/1"}],"replies":[{"embeddable":true,"href":"https:\/\/lmdesigns.com.br\/site\/wp-json\/wp\/v2\/comments?post=4483"}],"version-history":[{"count":0,"href":"https:\/\/lmdesigns.com.br\/site\/wp-json\/wp\/v2\/pages\/4483\/revisions"}],"up":[{"embeddable":true,"href":"https:\/\/lmdesigns.com.br\/site\/wp-json\/wp\/v2\/pages\/1278"}],"wp:attachment":[{"href":"https:\/\/lmdesigns.com.br\/site\/wp-json\/wp\/v2\/media?parent=4483"}],"curies":[{"name":"wp","href":"https:\/\/api.w.org\/{rel}","templated":true}]}}